{"id":23291,"date":"2020-06-30T22:49:35","date_gmt":"2020-06-30T22:49:35","guid":{"rendered":"https:\/\/senior-pro.de\/?page_id=23291"},"modified":"2025-11-12T08:28:41","modified_gmt":"2025-11-12T08:28:41","slug":"impressum","status":"publish","type":"page","link":"https:\/\/senior-pro.de\/en\/impressum\/","title":{"rendered":"Imprint"},"content":{"rendered":"<p>[et_pb_section fb_built=&#8221;1&#8243; _builder_version=&#8221;4.16&#8243; custom_padding=&#8221;||0px|||&#8221; global_colors_info=&#8221;{}&#8221;][et_pb_row use_custom_gutter=&#8221;on&#8221; gutter_width=&#8221;2&#8243; make_equal=&#8221;on&#8221; admin_label=&#8221;row&#8221; _builder_version=&#8221;4.16&#8243; background_size=&#8221;initial&#8221; background_position=&#8221;top_left&#8221; background_repeat=&#8221;repeat&#8221; width=&#8221;90%&#8221; width_tablet=&#8221;90%&#8221; width_phone=&#8221;90%&#8221; width_last_edited=&#8221;on|desktop&#8221; max_width=&#8221;1120px&#8221; max_width_tablet=&#8221;90%&#8221; max_width_phone=&#8221;90%&#8221; max_width_last_edited=&#8221;on|tablet&#8221; custom_margin=&#8221;|||85px|false|false&#8221; locked=&#8221;off&#8221; global_colors_info=&#8221;{}&#8221;][et_pb_column type=&#8221;4_4&#8243; _builder_version=&#8221;4.16&#8243; custom_padding=&#8221;|||&#8221; global_colors_info=&#8221;{}&#8221; custom_padding__hover=&#8221;|||&#8221;][\/et_pb_column][\/et_pb_row][\/et_pb_section][et_pb_section fb_built=&#8221;1&#8243; _builder_version=&#8221;4.16&#8243; custom_padding=&#8221;13px|||||&#8221; global_colors_info=&#8221;{}&#8221;][et_pb_row _builder_version=&#8221;4.16&#8243; global_colors_info=&#8221;{}&#8221;][et_pb_column type=&#8221;4_4&#8243; _builder_version=&#8221;4.16&#8243; global_colors_info=&#8221;{}&#8221;][et_pb_text _builder_version=&#8221;4.23&#8243; header_3_font=&#8221;Mukta Malar|600|||||||&#8221; header_3_text_align=&#8221;center&#8221; header_3_text_color=&#8221;#252937&#8243; header_3_font_size=&#8221;35px&#8221; header_3_line_height=&#8221;1.2em&#8221; max_width=&#8221;850px&#8221; module_alignment=&#8221;center&#8221; header_3_font_size_tablet=&#8221;&#8221; header_3_font_size_phone=&#8221;25px&#8221; header_3_font_size_last_edited=&#8221;on|phone&#8221; global_colors_info=&#8221;{}&#8221;]<\/p>\n<h3 style=\"text-align: center;\">IMPRINT<\/h3>\n<p>[\/et_pb_text][et_pb_text _builder_version=&#8221;4.25.2&#8243; text_font=&#8221;Mukta Malar||||||||&#8221; text_font_size=&#8221;16px&#8221; hover_enabled=&#8221;0&#8243; global_colors_info=&#8221;{}&#8221; sticky_enabled=&#8221;0&#8243; disabled_on=&#8221;off|off|off&#8221;]<\/p>\n<p><strong>Information according to \u00a7 5 TMG:<\/strong><\/p>\n<p class=\"hr av-jpnu7mzk-1-1ffe86fab43a49de6ac48eef4d41d236 hr-invisible  avia-builder-el-177  el_before_av_textblock  avia-builder-el-first\"><strong>PromoTool GmbH<br \/><\/strong>Damerowstr. 65<br \/>13187 Berlin<\/p>\n<p class=\"hr av-jpnu7mzk-1-1ffe86fab43a49de6ac48eef4d41d236 hr-invisible  avia-builder-el-177  el_before_av_textblock  avia-builder-el-first\">Management: Eileen Kammann, Dr Thomas R\u00fcsch<\/p>\n<p class=\"hr av-jpnu7mzk-1-1ffe86fab43a49de6ac48eef4d41d236 hr-invisible  avia-builder-el-177  el_before_av_textblock  avia-builder-el-first\">HRB 241024 B | Amtsgericht Charlottenburg<\/p>\n<p class=\"hr av-jpnu7mzk-1-1ffe86fab43a49de6ac48eef4d41d236 hr-invisible  avia-builder-el-177  el_before_av_textblock  avia-builder-el-first\"><strong><\/strong><\/p>\n<p class=\"hr av-jpnu7mzk-1-1ffe86fab43a49de6ac48eef4d41d236 hr-invisible  avia-builder-el-177  el_before_av_textblock  avia-builder-el-first\"><strong><\/strong><\/p>\n<p class=\"hr av-jpnu7mzk-1-1ffe86fab43a49de6ac48eef4d41d236 hr-invisible  avia-builder-el-177  el_before_av_textblock  avia-builder-el-first\"><strong>Kontaktm\u00f6glichkeiten<\/strong><\/p>\n<p class=\"hr av-jpnu7mzk-1-1ffe86fab43a49de6ac48eef4d41d236 hr-invisible  avia-builder-el-177  el_before_av_textblock  avia-builder-el-first\">Phone: +49 30 4746596<br \/>Telefax: +49 30 4746597<br \/>E-Mail: <a href=\"mailto:info@promo-tool.de\">info@promo-tool.de<\/a><\/p>\n<p class=\"hr av-jpnu7mzk-1-1ffe86fab43a49de6ac48eef4d41d236 hr-invisible  avia-builder-el-177  el_before_av_textblock  avia-builder-el-first\">Rechtsform: Gesellschaft mit beschr\u00e4nkter Haftung<\/p>\n<p class=\"hr av-jpnu7mzk-1-1ffe86fab43a49de6ac48eef4d41d236 hr-invisible  avia-builder-el-177  el_before_av_textblock  avia-builder-el-first\"><strong><\/strong><\/p>\n<p class=\"hr av-jpnu7mzk-1-1ffe86fab43a49de6ac48eef4d41d236 hr-invisible  avia-builder-el-177  el_before_av_textblock  avia-builder-el-first\"><strong><\/strong><\/p>\n<p class=\"hr av-jpnu7mzk-1-1ffe86fab43a49de6ac48eef4d41d236 hr-invisible  avia-builder-el-177  el_before_av_textblock  avia-builder-el-first\"><strong>Vertretungsberechtigte<\/strong><\/p>\n<p>Management: Eileen Kammann, Dr Thomas R\u00fcsch<\/p>\n<p><strong><\/strong><\/p>\n<p><strong><\/strong><\/p>\n<p><strong>VAT ID:<\/strong><\/p>\n<p>Umsatzsteuer-Identifikationsnummer gem\u00e4\u00df \u00a727 a Umsatzsteuergesetz: USt-ID: DE353814107<\/p>\n<p><strong><\/strong><\/p>\n<p><strong><\/strong><\/p>\n<p><strong>Content<\/strong><\/p>\n<p>Verantwortlich f\u00fcr den Inhalt nach \u00a7 55 Abs. 2 RStV: Dr. Thomas R\u00fcsch<\/p>\n<p><strong><\/strong><\/p>\n<p><strong><\/strong><\/p>\n<p><strong>Online dispute resolution pursuant to Art. 14 (1) ODR Regulation and \u00a7 36 VSBG:<\/strong><\/p>\n<p>The European Commission provides a platform for online dispute resolution (ODR):\u00a0<a href=\"https:\/\/ec.europa.eu\/consumers\/odr\">https:\/\/ec.europa.eu\/consumers\/odr<\/a>.<\/p>\n<p>You can find our e-mail address in the imprint above.<\/p>\n<p>We are not willing or obliged to participate in dispute resolution proceedings before a consumer arbitration board.<\/p>\n<p><strong><\/strong><\/p>\n<p><strong><\/strong><\/p>\n<p><strong>Further legal information<\/strong><\/p>\n<p><strong>Liability for contents<\/strong><\/p>\n<p>As a service provider, we are responsible for our own content on this website in accordance with general legislation pursuant to Section 7 (1) of the German Telemedia Act (TMG). However, according to \u00a7\u00a7 8 to 10 TMG, we are not obliged as a service provider to monitor transmitted or stored third-party information or to investigate circumstances that indicate illegal activity.<\/p>\n<p>The obligations to remove or block the use of information according to general laws remain unaffected by this. However, liability in this regard is generally only possible from the point in time at which we become aware of a concrete infringement. If we become aware of corresponding legal violations, we will immediately remove or adjust this content accordingly.<\/p>\n<p><strong><\/strong><\/p>\n<p><strong>Liability for links<\/strong><\/p>\n<p>Our website contains links to external third-party websites over whose content we have no influence. Therefore, we cannot assume any warranty for these external contents. The respective provider or website operator is always responsible for the content of the linked websites. The websites linked by us were checked for possible legal violations at the time of linking. Illegal content was not identifiable at the time of linking.<\/p>\n<p>However, permanent monitoring of the content of linked websites is not reasonable without concrete evidence of a violation of the law. Therefore, we would like to point out that visiting linked websites is always at the user's own risk. If we become aware of any infringements of the law, we will immediately remove the links concerned.<\/p>\n<p><strong><\/strong><\/p>\n<p><strong>Copyright<\/strong><\/p>\n<p>All content and works on this website created by the site operator are subject to German copyright law. Duplication, processing, distribution and any kind of exploitation outside the limits of copyright law require the written consent of the respective author or creator. Downloads and copies of this website and individual contents are only permitted for private, non-commercial use.<\/p>\n<p>Insofar as the content on this website was not created by the operator, the copyrights of third parties are observed accordingly. In particular, third-party content is marked as such depending on the scope of the rights of use acquired or otherwise granted. Should you nevertheless become aware of a copyright infringement or inaccurate labelling, please inform us accordingly. If we become aware of any infringements, we will remove such content immediately or adjust the labelling accordingly.<\/p>\n<p><strong><\/strong><\/p>\n<p><strong>Data protection<\/strong><\/p>\n<p>In principle, you can use our website without providing personal data. If personal data (such as name, address or e-mail address or usage data collected with the help of cookies) is processed on our website, this is always done only after your voluntary consent, which can be revoked at any time. Personal data will not be passed on to third parties without your express consent. Wagener &amp; Zimmermann GbR would like to point out that data transmission on the Internet (e.g. when communicating by e-mail) can have security gaps. As far as possible and appropriate, we have in particular implemented adequate technical and organisational measures to protect your data from unauthorised access.<\/p>\n<p>We hereby expressly object to any use by third parties of contact data published within the scope of the imprint obligation for the transmission of unsolicited advertising or other information material. As the website operator, we reserve the right to take legal action in the event of the unsolicited sending of advertising information, for example by means of spam mails.<\/p>\n<p>&nbsp;<\/p>\n<p>For more information on data protection, please see our privacy policy.<\/p>\n<p>[\/et_pb_text][\/et_pb_column][\/et_pb_row][et_pb_row _builder_version=&#8221;4.25.2&#8243; custom_padding=&#8221;0px|||||&#8221; hover_enabled=&#8221;0&#8243; global_colors_info=&#8221;{}&#8221; disabled_on=&#8221;on|on|on&#8221; disabled=&#8221;on&#8221; sticky_enabled=&#8221;0&#8243;][et_pb_column type=&#8221;4_4&#8243; _builder_version=&#8221;4.16&#8243; global_colors_info=&#8221;{}&#8221;][et_pb_text _builder_version=&#8221;4.25.2&#8243; text_font=&#8221;Mukta Malar||||||||&#8221; text_font_size=&#8221;16px&#8221; hover_enabled=&#8221;0&#8243; global_colors_info=&#8221;{}&#8221; sticky_enabled=&#8221;0&#8243; disabled_on=&#8221;off|off|off&#8221;]<\/p>\n<p><strong>Information according to \u00a7 5 TMG:<\/strong><\/p>\n<p class=\"hr av-jpnu7mzk-1-1ffe86fab43a49de6ac48eef4d41d236 hr-invisible  avia-builder-el-177  el_before_av_textblock  avia-builder-el-first\"><strong>PromoTool GmbH<\/strong><\/p>\n<section class=\"av_textblock_section av-agh0x-ea00dcaa95824f9fb4a33b9815bae2b0\" itemscope=\"itemscope\" itemtype=\"https:\/\/schema.org\/CreativeWork\">\n<div class=\"avia_textblock\" itemprop=\"text\">\n<p>Technology and innovation agency<\/p>\n<p>Damerowstr. 65<br \/>13187 Berlin<\/p>\n<p>Phone: +49 30 4746596<br \/>Fax: +49 30 4746597<\/p>\n<p>&nbsp;<\/p>\n<p>Management: Eileen Kammann, Dr Thomas R\u00fcsch<\/p>\n<p><a href=\"mailto:info@promo-tool.de\">info@promo-tool.de<\/a><\/p>\n<\/div>\n<\/section>\n<p>[\/et_pb_text][et_pb_text _builder_version=&#8221;4.25.2&#8243; text_font=&#8221;Mukta Malar||||||||&#8221; text_text_color=&#8221;#7d7d7d&#8221; text_font_size=&#8221;16px&#8221; text_line_height=&#8221;2em&#8221; link_text_color=&#8221;#b51c1e&#8221; custom_margin_tablet=&#8221;-10px||||false|false&#8221; custom_margin_phone=&#8221;-10px||||false|false&#8221; custom_margin_last_edited=&#8221;on|phone&#8221; hover_enabled=&#8221;0&#8243; locked=&#8221;off&#8221; global_colors_info=&#8221;{}&#8221; sticky_enabled=&#8221;0&#8243;]<\/p>\n<p><strong>Contact<\/strong><\/p>\n<p><span style=\"font-size: 16px;\">Phone: <span style=\"font-size: large;\">+49 30 4746596<\/span><\/span><\/p>\n<p><span style=\"font-size: 16px;\">Fax: <span style=\"font-size: large;\">+49 30 4746597<\/span><\/span><\/p>\n<p>E-Mail: <a href=\"mailto:info@promo-tool.de\">info@promo-tool.de<\/a><\/p>\n<p>&nbsp;<\/p>\n<p><strong>Content<\/strong><\/p>\n<p>Responsible for the content according to \u00a7 <span style=\"font-size: large;\">55<\/span> Abs. <span style=\"font-size: large;\">2<\/span> RStV: Dr. Thomas R\u00fcsch<\/p>\n<p><strong>Dispute resolution<\/strong><\/p>\n<p>The European Commission provides a platform for online dispute resolution (ODR):\u00a0<a href=\"https:\/\/ec.europa.eu\/consumers\/odr\">https:\/\/ec.europa.eu\/consumers\/odr<\/a>.<\/p>\n<p>You can find our e-mail address in the imprint above.<\/p>\n<p>We are not willing or obliged to participate in dispute resolution proceedings before a consumer arbitration board.<\/p>\n<p>&nbsp;<\/p>\n<p><strong>Further legal information<\/strong><\/p>\n<p><strong>Liability for contents<\/strong><\/p>\n<p>As a service provider, we are responsible for our own content on this website in accordance with \u00a7 <span style=\"font-size: large;\">7<\/span> Abs. <span style=\"font-size: large;\">1<\/span> TMG and general legislation. According to \u00a7\u00a7 <span style=\"font-size: large;\">8<\/span> to <span style=\"font-size: large;\">10<\/span> TMG, however, we as a service provider are not obliged to monitor transmitted or stored third-party information or to investigate circumstances that indicate illegal activity.<\/p>\n<p>&nbsp;<\/p>\n<p>The obligations to remove or block the use of information according to general laws remain unaffected by this. However, liability in this regard is generally only possible from the point in time at which we become aware of a concrete infringement. If we become aware of corresponding legal violations, we will immediately remove or adjust this content accordingly.<\/p>\n<p>&nbsp;<\/p>\n<p><strong>Liability for links<\/strong><\/p>\n<p>Our website contains links to external third-party websites over whose content we have no influence. Therefore, we cannot assume any warranty for these external contents. The respective provider or website operator is always responsible for the content of the linked websites. The websites linked by us were checked for possible legal violations at the time of linking. Illegal content was not identifiable at the time of linking.<\/p>\n<p>&nbsp;<\/p>\n<p>However, permanent monitoring of the content of linked websites is not reasonable without concrete evidence of a violation of the law. Therefore, we would like to point out that visiting linked websites is always at the user's own risk. If we become aware of any infringements of the law, we will immediately remove the links concerned.<\/p>\n<p>&nbsp;<\/p>\n<p><strong>Copyright<\/strong><\/p>\n<p>All content and works on this website created by the site operator are subject to German copyright law. Duplication, processing, distribution and any kind of exploitation outside the limits of copyright law require the written consent of the respective author or creator. Downloads and copies of this website and individual contents are only permitted for private, non-commercial use.<\/p>\n<p>&nbsp;<\/p>\n<p>Insofar as the content on this website was not created by the operator, the copyrights of third parties are observed accordingly. In particular, third-party content is marked as such depending on the scope of the rights of use acquired or otherwise granted. Should you nevertheless become aware of a copyright infringement or inaccurate labelling, please inform us accordingly. If we become aware of any infringements, we will remove such content immediately or adjust the labelling accordingly.<\/p>\n<p>&nbsp;<\/p>\n<p><strong>Data protection<\/strong><\/p>\n<p>You can use our website without providing any personal data. If personal data (such as name, address or e-mail address or usage data collected with the help of cookies) is processed on our website, this is only ever done with your voluntary consent, which can be revoked at any time. Personal data will not be passed on to third parties without your express consent. PromoTool technology and innovation agency holder Dr Thomas R\u00fcsch would like to point out that data transmission over the Internet (e.g. when communicating by e-mail) may be subject to security vulnerabilities. As far as possible and appropriate, we have implemented appropriate technical and organisational measures to protect your data from unauthorised access.<\/p>\n<p>&nbsp;<\/p>\n<p>We hereby expressly object to any use by third parties of contact data published within the scope of the imprint obligation for the transmission of unsolicited advertising or other information material. As the website operator, we reserve the right to take legal action in the event of the unsolicited sending of advertising information, for example by means of spam mails.<\/p>\n<p>&nbsp;<\/p>\n<p>Further information on data protection can be found in our <a href=\"https:\/\/senior-pro.de\/en\/datenschutzerklaerung\/\">Privacy Policy<\/a>.<\/p>\n<p>&nbsp;<\/p>\n<p>[\/et_pb_text][\/et_pb_column][\/et_pb_row][\/et_pb_section]<\/p>","protected":false},"excerpt":{"rendered":"<p>IMPRESSUMAngaben gem\u00e4\u00df \u00a7 5 TMG: PromoTool GmbHDamerowstr. 6513187 Berlin Gesch\u00e4ftsf\u00fchrung: Eileen Kammann, Dr. Thomas R\u00fcsch HRB 241024 B | Amtsgericht Charlottenburg Kontaktm\u00f6glichkeiten Telefon: +49 30 4746596Telefax: +49 30 4746597E-Mail: info@promo-tool.de Rechtsform: Gesellschaft mit beschr\u00e4nkter Haftung Vertretungsberechtigte Gesch\u00e4ftsf\u00fchrung: Eileen Kammann, Dr. Thomas R\u00fcsch Umsatzsteuer-ID: Umsatzsteuer-Identifikationsnummer gem\u00e4\u00df \u00a727 a Umsatzsteuergesetz: USt-ID: DE353814107 Inhalt Verantwortlich f\u00fcr den Inhalt [&hellip;]<\/p>","protected":false},"author":1,"featured_media":0,"parent":0,"menu_order":0,"comment_status":"closed","ping_status":"closed","template":"","meta":{"_et_pb_use_builder":"on","_et_pb_old_content":"","_et_gb_content_width":"","footnotes":""},"dipi_cpt_category":[],"yoast_head":"<!-- This site is optimized with the Yoast SEO plugin v22.9 - https:\/\/yoast.com\/wordpress\/plugins\/seo\/ -->\n<title>Impressum - SeniorPRO<\/title>\n<meta name=\"robots\" content=\"index, follow, max-snippet:-1, max-image-preview:large, max-video-preview:-1\" \/>\n<link rel=\"canonical\" href=\"https:\/\/senior-pro.de\/en\/impressum\/\" \/>\n<meta property=\"og:locale\" content=\"en_GB\" \/>\n<meta property=\"og:type\" content=\"article\" \/>\n<meta property=\"og:title\" content=\"Impressum - SeniorPRO\" \/>\n<meta property=\"og:description\" content=\"IMPRESSUMAngaben gem\u00e4\u00df \u00a7 5 TMG: PromoTool GmbHDamerowstr. 6513187 Berlin Gesch\u00e4ftsf\u00fchrung: Eileen Kammann, Dr. Thomas R\u00fcsch HRB 241024 B | Amtsgericht Charlottenburg Kontaktm\u00f6glichkeiten Telefon: +49 30 4746596Telefax: +49 30 4746597E-Mail: info@promo-tool.de Rechtsform: Gesellschaft mit beschr\u00e4nkter Haftung Vertretungsberechtigte Gesch\u00e4ftsf\u00fchrung: Eileen Kammann, Dr. Thomas R\u00fcsch Umsatzsteuer-ID: Umsatzsteuer-Identifikationsnummer gem\u00e4\u00df \u00a727 a Umsatzsteuergesetz: USt-ID: DE353814107 Inhalt Verantwortlich f\u00fcr den Inhalt [&hellip;]\" \/>\n<meta property=\"og:url\" content=\"https:\/\/senior-pro.de\/en\/impressum\/\" \/>\n<meta property=\"og:site_name\" content=\"SeniorPRO\" \/>\n<meta property=\"article:modified_time\" content=\"2025-11-12T08:28:41+00:00\" \/>\n<meta name=\"twitter:card\" content=\"summary_large_image\" \/>\n<meta name=\"twitter:label1\" content=\"Estimated reading time\" \/>\n\t<meta name=\"twitter:data1\" content=\"8 minutes\" \/>\n<script type=\"application\/ld+json\" class=\"yoast-schema-graph\">{\"@context\":\"https:\/\/schema.org\",\"@graph\":[{\"@type\":\"WebPage\",\"@id\":\"https:\/\/senior-pro.de\/impressum\/\",\"url\":\"https:\/\/senior-pro.de\/impressum\/\",\"name\":\"Impressum - SeniorPRO\",\"isPartOf\":{\"@id\":\"https:\/\/senior-pro.de\/#website\"},\"datePublished\":\"2020-06-30T22:49:35+00:00\",\"dateModified\":\"2025-11-12T08:28:41+00:00\",\"breadcrumb\":{\"@id\":\"https:\/\/senior-pro.de\/impressum\/#breadcrumb\"},\"inLanguage\":\"en-GB\",\"potentialAction\":[{\"@type\":\"ReadAction\",\"target\":[\"https:\/\/senior-pro.de\/impressum\/\"]}]},{\"@type\":\"BreadcrumbList\",\"@id\":\"https:\/\/senior-pro.de\/impressum\/#breadcrumb\",\"itemListElement\":[{\"@type\":\"ListItem\",\"position\":1,\"name\":\"Startseite\",\"item\":\"https:\/\/senior-pro.de\/\"},{\"@type\":\"ListItem\",\"position\":2,\"name\":\"Impressum\"}]},{\"@type\":\"WebSite\",\"@id\":\"https:\/\/senior-pro.de\/#website\",\"url\":\"https:\/\/senior-pro.de\/\",\"name\":\"SeniorPRO\",\"description\":\"Innovationen f\u00fcr ein selbstbestimmtes Leben im Alter\",\"potentialAction\":[{\"@type\":\"SearchAction\",\"target\":{\"@type\":\"EntryPoint\",\"urlTemplate\":\"https:\/\/senior-pro.de\/?s={search_term_string}\"},\"query-input\":\"required name=search_term_string\"}],\"inLanguage\":\"en-GB\"}]}<\/script>\n<!-- \/ Yoast SEO plugin. -->","yoast_head_json":{"title":"Impressum - SeniorPRO","robots":{"index":"index","follow":"follow","max-snippet":"max-snippet:-1","max-image-preview":"max-image-preview:large","max-video-preview":"max-video-preview:-1"},"canonical":"https:\/\/senior-pro.de\/en\/impressum\/","og_locale":"en_GB","og_type":"article","og_title":"Impressum - SeniorPRO","og_description":"IMPRESSUMAngaben gem\u00e4\u00df \u00a7 5 TMG: PromoTool GmbHDamerowstr. 6513187 Berlin Gesch\u00e4ftsf\u00fchrung: Eileen Kammann, Dr. Thomas R\u00fcsch HRB 241024 B | Amtsgericht Charlottenburg Kontaktm\u00f6glichkeiten Telefon: +49 30 4746596Telefax: +49 30 4746597E-Mail: info@promo-tool.de Rechtsform: Gesellschaft mit beschr\u00e4nkter Haftung Vertretungsberechtigte Gesch\u00e4ftsf\u00fchrung: Eileen Kammann, Dr. Thomas R\u00fcsch Umsatzsteuer-ID: Umsatzsteuer-Identifikationsnummer gem\u00e4\u00df \u00a727 a Umsatzsteuergesetz: USt-ID: DE353814107 Inhalt Verantwortlich f\u00fcr den Inhalt [&hellip;]","og_url":"https:\/\/senior-pro.de\/en\/impressum\/","og_site_name":"SeniorPRO","article_modified_time":"2025-11-12T08:28:41+00:00","twitter_card":"summary_large_image","twitter_misc":{"Estimated reading time":"8 minutes"},"schema":{"@context":"https:\/\/schema.org","@graph":[{"@type":"WebPage","@id":"https:\/\/senior-pro.de\/impressum\/","url":"https:\/\/senior-pro.de\/impressum\/","name":"Impressum - SeniorPRO","isPartOf":{"@id":"https:\/\/senior-pro.de\/#website"},"datePublished":"2020-06-30T22:49:35+00:00","dateModified":"2025-11-12T08:28:41+00:00","breadcrumb":{"@id":"https:\/\/senior-pro.de\/impressum\/#breadcrumb"},"inLanguage":"en-GB","potentialAction":[{"@type":"ReadAction","target":["https:\/\/senior-pro.de\/impressum\/"]}]},{"@type":"BreadcrumbList","@id":"https:\/\/senior-pro.de\/impressum\/#breadcrumb","itemListElement":[{"@type":"ListItem","position":1,"name":"Startseite","item":"https:\/\/senior-pro.de\/"},{"@type":"ListItem","position":2,"name":"Impressum"}]},{"@type":"WebSite","@id":"https:\/\/senior-pro.de\/#website","url":"https:\/\/senior-pro.de\/","name":"SeniorPRO","description":"Innovationen f\u00fcr ein selbstbestimmtes Leben im Alter","potentialAction":[{"@type":"SearchAction","target":{"@type":"EntryPoint","urlTemplate":"https:\/\/senior-pro.de\/?s={search_term_string}"},"query-input":"required name=search_term_string"}],"inLanguage":"en-GB"}]}},"_links":{"self":[{"href":"https:\/\/senior-pro.de\/en\/wp-json\/wp\/v2\/pages\/23291"}],"collection":[{"href":"https:\/\/senior-pro.de\/en\/wp-json\/wp\/v2\/pages"}],"about":[{"href":"https:\/\/senior-pro.de\/en\/wp-json\/wp\/v2\/types\/page"}],"author":[{"embeddable":true,"href":"https:\/\/senior-pro.de\/en\/wp-json\/wp\/v2\/users\/1"}],"replies":[{"embeddable":true,"href":"https:\/\/senior-pro.de\/en\/wp-json\/wp\/v2\/comments?post=23291"}],"version-history":[{"count":15,"href":"https:\/\/senior-pro.de\/en\/wp-json\/wp\/v2\/pages\/23291\/revisions"}],"predecessor-version":[{"id":23945030,"href":"https:\/\/senior-pro.de\/en\/wp-json\/wp\/v2\/pages\/23291\/revisions\/23945030"}],"wp:attachment":[{"href":"https:\/\/senior-pro.de\/en\/wp-json\/wp\/v2\/media?parent=23291"}],"wp:term":[{"taxonomy":"dipi_cpt_category","embeddable":true,"href":"https:\/\/senior-pro.de\/en\/wp-json\/wp\/v2\/dipi_cpt_category?post=23291"}],"curies":[{"name":"wp","href":"https:\/\/api.w.org\/{rel}","templated":true}]}}