{"id":23944266,"date":"2023-07-25T09:21:00","date_gmt":"2023-07-25T09:21:00","guid":{"rendered":"https:\/\/senior-pro.de\/?page_id=23944266"},"modified":"2023-07-27T07:55:36","modified_gmt":"2023-07-27T07:55:36","slug":"joanneum-research-forschungsgesellschaft-mbh-2","status":"publish","type":"page","link":"https:\/\/senior-pro.de\/en\/joanneum-research-forschungsgesellschaft-mbh-2\/","title":{"rendered":"JOANNEUM RESEARCH Forschungsgesellschaft mbH"},"content":{"rendered":"<p>[et_pb_section fb_built=&#8221;1&#8243; _builder_version=&#8221;4.16&#8243; global_colors_info=&#8221;{}&#8221;][et_pb_row column_structure=&#8221;1_2,1_2&#8243; _builder_version=&#8221;4.16&#8243; global_colors_info=&#8221;{}&#8221;][et_pb_column type=&#8221;1_2&#8243; _builder_version=&#8221;4.16&#8243; global_colors_info=&#8221;{}&#8221;][et_pb_text _builder_version=&#8221;4.21.0&#8243; text_font=&#8221;Mukta Malar|700|||||||&#8221; text_font_size=&#8221;25px&#8221; header_3_font=&#8221;Mukta Malar|700|||||||&#8221; header_3_text_color=&#8221;#000000&#8243; header_3_font_size=&#8221;29px&#8221; custom_margin=&#8221;7px||||false|false&#8221; global_colors_info=&#8221;{}&#8221;]<\/p>\n<h3><strong>JOANNEUM RESEARCH Forschungsgesellschaft mbH<\/strong><\/h3>\n<p>[\/et_pb_text][et_pb_divider color=&#8221;#0093a7&#8243; divider_weight=&#8221;2px&#8221; _builder_version=&#8221;4.21.0&#8243; hover_enabled=&#8221;0&#8243; global_colors_info=&#8221;{}&#8221; sticky_enabled=&#8221;0&#8243;][\/et_pb_divider][\/et_pb_column][et_pb_column type=&#8221;1_2&#8243; _builder_version=&#8221;4.16&#8243; global_colors_info=&#8221;{}&#8221;][et_pb_button button_url=&#8221;https:\/\/senior-pro.de\/&#8221; button_text=&#8221;ZUR\u00dcCK&#8221; button_alignment=&#8221;right&#8221; _builder_version=&#8221;4.21.0&#8243; custom_button=&#8221;on&#8221; button_text_size=&#8221;15px&#8221; button_text_color=&#8221;#ffffff&#8221; button_bg_color=&#8221;#0093a7&#8243; button_border_color=&#8221;#0093a7&#8243; button_border_radius=&#8221;0px&#8221; button_font=&#8221;|600|||||||&#8221; button_use_icon=&#8221;off&#8221; custom_margin=&#8221;-2px||||false|false&#8221; custom_padding=&#8221;14px|37px|14px|37px|true|true&#8221; hover_enabled=&#8221;0&#8243; locked=&#8221;off&#8221; global_colors_info=&#8221;{}&#8221; button_text_color__hover_enabled=&#8221;on|hover&#8221; button_text_color__hover=&#8221;#ffffff&#8221; button_bg_color__hover_enabled=&#8221;on|hover&#8221; button_bg_color__hover=&#8221;#0093a7&#8243; button_bg_enable_color__hover=&#8221;on&#8221; button_border_color__hover_enabled=&#8221;on|hover&#8221; button_border_color__hover=&#8221;#0093a7&#8243; button_letter_spacing__hover_enabled=&#8221;on|hover&#8221; button_letter_spacing__hover=&#8221;2px&#8221; button_bg_enable_color=&#8221;on&#8221; sticky_enabled=&#8221;0&#8243;][\/et_pb_button][\/et_pb_column][\/et_pb_row][et_pb_row column_structure=&#8221;3_5,2_5&#8243; _builder_version=&#8221;4.16&#8243; custom_margin=&#8221;0px|auto||auto||&#8221; custom_padding=&#8221;4px||10px|||&#8221; locked=&#8221;off&#8221; global_colors_info=&#8221;{}&#8221;][et_pb_column type=&#8221;3_5&#8243; _builder_version=&#8221;4.16&#8243; global_colors_info=&#8221;{}&#8221;][et_pb_text _builder_version=&#8221;4.21.0&#8243; text_font_size=&#8221;16px&#8221; global_colors_info=&#8221;{}&#8221;]<\/p>\n<p><span>Das Joanneum entwickelt L\u00f6sungen und Technologien f\u00fcr Wirtschaft und Industrie in einem breiten Branchenspektrum und betreibt seit mehr als 30 Jahren Spitzenforschung auf internationalem Niveau. Themenbereiche sind Informations- und Produktionstechnologien, Humantechnologie und Medizin, sowie Gesellschaft und Nachhaltigkeit. Am Netzwerk beteiligen wird sich das Institut f\u00fcr Digitale Technologien. Hierin integriert ist das Human Factors Labor. Hier werden <\/span><strong>der Mensch, sein Verhalten, Stress und Emotionen in den Mittelpunkt gestellt, um technische Systeme dem Menschen optimal anzupassen. Es k\u00f6nnen innovative Messungen zur Analyse von menschlicher Aufmerksamkeit, Belastung, Emotion, und Verhalten durchgef\u00fchrt werden. Zum Methodenspektrum z\u00e4hlen das <\/strong>Eye-Tracking, die Blickanalyse, der Einsatz von Biosensorik sowie die Analyse von Emotionen. <span>Neben zahlreichen Beteiligungen an gro\u00dfen Industrieprojekten verf\u00fcgt das Joanneum \u00fcber langj\u00e4hrige Erfahrung als Partner und Koordinator von nationalen Programmen sowie Rahmenprogrammen der EU.<\/span><\/p>\n<p><span><strong>Kernkompetenzen f\u00fcr das Netzwerk: Analyse von Verhalten und Stress f\u00fcr die Optimierung technischer Assistenzsysteme <\/strong><\/span><\/p>\n<p>[\/et_pb_text][\/et_pb_column][et_pb_column type=&#8221;2_5&#8243; _builder_version=&#8221;4.16&#8243; custom_padding=&#8221;30px|30px|30px|30px|true|false&#8221; box_shadow_style=&#8221;preset1&#8243; global_colors_info=&#8221;{}&#8221;][et_pb_image src=&#8221;https:\/\/senior-pro.de\/media\/2023\/07\/Design-ohne-Titel-2023-07-25T111918.011.jpg&#8221; title_text=&#8221;Design ohne Titel &#8211; 2023-07-25T111918.011&#8243; _builder_version=&#8221;4.21.0&#8243; custom_margin=&#8221;-7px|||||&#8221; custom_padding=&#8221;|||15px||&#8221; global_colors_info=&#8221;{}&#8221;][\/et_pb_image][et_pb_blurb url=&#8221;https:\/\/www.joanneum.at\/&#8221; use_icon=&#8221;on&#8221; font_icon=&#8221;&#xe0e3;||divi||400&#8243; icon_color=&#8221;#0093a7&#8243; icon_placement=&#8221;left&#8221; image_icon_width=&#8221;25px&#8221; _builder_version=&#8221;4.21.0&#8243; body_font=&#8221;|600|||||||&#8221; body_font_size=&#8221;19px&#8221; body_link_font=&#8221;|600|||||||&#8221; body_link_text_color=&#8221;#0093a7&#8243; body_link_font_size=&#8221;18px&#8221; body_link_line_height=&#8221;1.5em&#8221; custom_margin=&#8221;||56px|50px|false|false&#8221; link_option_url=&#8221;https:\/\/www.joanneum.at\/&#8221; hover_enabled=&#8221;0&#8243; icon_font_size=&#8221;25px&#8221; global_colors_info=&#8221;{}&#8221; body_link_letter_spacing__hover_enabled=&#8221;on|hover&#8221; body_link_letter_spacing__hover=&#8221;2px&#8221; sticky_enabled=&#8221;0&#8243;]<\/p>\n<p><a href=\"https:\/\/www.joanneum.at\/\">Website besuchen<\/a><\/p>\n<p>[\/et_pb_blurb][\/et_pb_column][\/et_pb_row][et_pb_row _builder_version=&#8221;4.16&#8243; global_colors_info=&#8221;{}&#8221;][et_pb_column type=&#8221;4_4&#8243; _builder_version=&#8221;4.16&#8243; global_colors_info=&#8221;{}&#8221;][\/et_pb_column][\/et_pb_row][\/et_pb_section]<\/p>\n","protected":false},"excerpt":{"rendered":"<p>JOANNEUM RESEARCH Forschungsgesellschaft mbHDas Joanneum entwickelt L\u00f6sungen und Technologien f\u00fcr Wirtschaft und Industrie in einem breiten Branchenspektrum und betreibt seit mehr als 30 Jahren Spitzenforschung auf internationalem Niveau. Themenbereiche sind Informations- und Produktionstechnologien, Humantechnologie und Medizin, sowie Gesellschaft und Nachhaltigkeit. Am Netzwerk beteiligen wird sich das Institut f\u00fcr Digitale Technologien. Hierin integriert ist das Human [&hellip;]<\/p>\n","protected":false},"author":4,"featured_media":23944267,"parent":0,"menu_order":0,"comment_status":"closed","ping_status":"closed","template":"","meta":{"_et_pb_use_builder":"on","_et_pb_old_content":"","_et_gb_content_width":"","footnotes":""},"dipi_cpt_category":[],"class_list":["post-23944266","page","type-page","status-publish","has-post-thumbnail","hentry"],"yoast_head":"<!-- This site is optimized with the Yoast SEO plugin v27.4 - https:\/\/yoast.com\/product\/yoast-seo-wordpress\/ -->\n<title>JOANNEUM RESEARCH Forschungsgesellschaft mbH - SeniorPRO<\/title>\n<meta name=\"description\" content=\"Das Joanneum entwickelt L\u00f6sungen und Technologien f\u00fcr Wirtschaft und Industrie in einem breiten Branchenspektrum und betreibt seit\" \/>\n<meta name=\"robots\" content=\"index, follow, max-snippet:-1, max-image-preview:large, max-video-preview:-1\" \/>\n<link rel=\"canonical\" href=\"https:\/\/senior-pro.de\/en\/joanneum-research-forschungsgesellschaft-mbh-2\/\" \/>\n<meta property=\"og:locale\" content=\"en_GB\" \/>\n<meta property=\"og:type\" content=\"article\" \/>\n<meta property=\"og:title\" content=\"JOANNEUM RESEARCH Forschungsgesellschaft mbH - SeniorPRO\" \/>\n<meta property=\"og:description\" content=\"Das Joanneum entwickelt L\u00f6sungen und Technologien f\u00fcr Wirtschaft und Industrie in einem breiten Branchenspektrum und betreibt seit\" \/>\n<meta property=\"og:url\" content=\"https:\/\/senior-pro.de\/en\/joanneum-research-forschungsgesellschaft-mbh-2\/\" \/>\n<meta property=\"og:site_name\" content=\"SeniorPRO\" \/>\n<meta property=\"article:modified_time\" content=\"2023-07-27T07:55:36+00:00\" \/>\n<meta property=\"og:image\" content=\"https:\/\/senior-pro.de\/media\/2023\/07\/Design-ohne-Titel-2023-07-25T111918.011.jpg\" \/>\n\t<meta property=\"og:image:width\" content=\"1000\" \/>\n\t<meta property=\"og:image:height\" content=\"1000\" \/>\n\t<meta property=\"og:image:type\" content=\"image\/jpeg\" \/>\n<meta name=\"twitter:card\" content=\"summary_large_image\" \/>\n<meta name=\"twitter:label1\" content=\"Estimated reading time\" \/>\n\t<meta name=\"twitter:data1\" content=\"2 minutes\" \/>\n<script type=\"application\/ld+json\" class=\"yoast-schema-graph\">{\"@context\":\"https:\\\/\\\/schema.org\",\"@graph\":[{\"@type\":\"WebPage\",\"@id\":\"https:\\\/\\\/senior-pro.de\\\/joanneum-research-forschungsgesellschaft-mbh-2\\\/\",\"url\":\"https:\\\/\\\/senior-pro.de\\\/joanneum-research-forschungsgesellschaft-mbh-2\\\/\",\"name\":\"JOANNEUM RESEARCH Forschungsgesellschaft mbH - SeniorPRO\",\"isPartOf\":{\"@id\":\"https:\\\/\\\/senior-pro.de\\\/#website\"},\"primaryImageOfPage\":{\"@id\":\"https:\\\/\\\/senior-pro.de\\\/joanneum-research-forschungsgesellschaft-mbh-2\\\/#primaryimage\"},\"image\":{\"@id\":\"https:\\\/\\\/senior-pro.de\\\/joanneum-research-forschungsgesellschaft-mbh-2\\\/#primaryimage\"},\"thumbnailUrl\":\"https:\\\/\\\/senior-pro.de\\\/wp-content\\\/uploads\\\/2023\\\/07\\\/Design-ohne-Titel-2023-07-25T111918.011.jpg\",\"datePublished\":\"2023-07-25T09:21:00+00:00\",\"dateModified\":\"2023-07-27T07:55:36+00:00\",\"description\":\"Das Joanneum entwickelt L\u00f6sungen und Technologien f\u00fcr Wirtschaft und Industrie in einem breiten Branchenspektrum und betreibt seit\",\"breadcrumb\":{\"@id\":\"https:\\\/\\\/senior-pro.de\\\/joanneum-research-forschungsgesellschaft-mbh-2\\\/#breadcrumb\"},\"inLanguage\":\"en-GB\",\"potentialAction\":[{\"@type\":\"ReadAction\",\"target\":[\"https:\\\/\\\/senior-pro.de\\\/joanneum-research-forschungsgesellschaft-mbh-2\\\/\"]}]},{\"@type\":\"ImageObject\",\"inLanguage\":\"en-GB\",\"@id\":\"https:\\\/\\\/senior-pro.de\\\/joanneum-research-forschungsgesellschaft-mbh-2\\\/#primaryimage\",\"url\":\"https:\\\/\\\/senior-pro.de\\\/wp-content\\\/uploads\\\/2023\\\/07\\\/Design-ohne-Titel-2023-07-25T111918.011.jpg\",\"contentUrl\":\"https:\\\/\\\/senior-pro.de\\\/wp-content\\\/uploads\\\/2023\\\/07\\\/Design-ohne-Titel-2023-07-25T111918.011.jpg\",\"width\":1000,\"height\":1000},{\"@type\":\"BreadcrumbList\",\"@id\":\"https:\\\/\\\/senior-pro.de\\\/joanneum-research-forschungsgesellschaft-mbh-2\\\/#breadcrumb\",\"itemListElement\":[{\"@type\":\"ListItem\",\"position\":1,\"name\":\"Startseite\",\"item\":\"https:\\\/\\\/senior-pro.de\\\/\"},{\"@type\":\"ListItem\",\"position\":2,\"name\":\"JOANNEUM RESEARCH Forschungsgesellschaft mbH\"}]},{\"@type\":\"WebSite\",\"@id\":\"https:\\\/\\\/senior-pro.de\\\/#website\",\"url\":\"https:\\\/\\\/senior-pro.de\\\/\",\"name\":\"SeniorPRO\",\"description\":\"Innovationen f\u00fcr ein selbstbestimmtes Leben im Alter\",\"potentialAction\":[{\"@type\":\"SearchAction\",\"target\":{\"@type\":\"EntryPoint\",\"urlTemplate\":\"https:\\\/\\\/senior-pro.de\\\/?s={search_term_string}\"},\"query-input\":{\"@type\":\"PropertyValueSpecification\",\"valueRequired\":true,\"valueName\":\"search_term_string\"}}],\"inLanguage\":\"en-GB\"}]}<\/script>\n<!-- \/ Yoast SEO plugin. -->","yoast_head_json":{"title":"JOANNEUM RESEARCH Forschungsgesellschaft mbH - SeniorPRO","description":"Das Joanneum entwickelt L\u00f6sungen und Technologien f\u00fcr Wirtschaft und Industrie in einem breiten Branchenspektrum und betreibt seit","robots":{"index":"index","follow":"follow","max-snippet":"max-snippet:-1","max-image-preview":"max-image-preview:large","max-video-preview":"max-video-preview:-1"},"canonical":"https:\/\/senior-pro.de\/en\/joanneum-research-forschungsgesellschaft-mbh-2\/","og_locale":"en_GB","og_type":"article","og_title":"JOANNEUM RESEARCH Forschungsgesellschaft mbH - SeniorPRO","og_description":"Das Joanneum entwickelt L\u00f6sungen und Technologien f\u00fcr Wirtschaft und Industrie in einem breiten Branchenspektrum und betreibt seit","og_url":"https:\/\/senior-pro.de\/en\/joanneum-research-forschungsgesellschaft-mbh-2\/","og_site_name":"SeniorPRO","article_modified_time":"2023-07-27T07:55:36+00:00","og_image":[{"width":1000,"height":1000,"url":"https:\/\/senior-pro.de\/media\/2023\/07\/Design-ohne-Titel-2023-07-25T111918.011.jpg","type":"image\/jpeg"}],"twitter_card":"summary_large_image","twitter_misc":{"Estimated reading time":"2 minutes"},"schema":{"@context":"https:\/\/schema.org","@graph":[{"@type":"WebPage","@id":"https:\/\/senior-pro.de\/joanneum-research-forschungsgesellschaft-mbh-2\/","url":"https:\/\/senior-pro.de\/joanneum-research-forschungsgesellschaft-mbh-2\/","name":"JOANNEUM RESEARCH Forschungsgesellschaft mbH - SeniorPRO","isPartOf":{"@id":"https:\/\/senior-pro.de\/#website"},"primaryImageOfPage":{"@id":"https:\/\/senior-pro.de\/joanneum-research-forschungsgesellschaft-mbh-2\/#primaryimage"},"image":{"@id":"https:\/\/senior-pro.de\/joanneum-research-forschungsgesellschaft-mbh-2\/#primaryimage"},"thumbnailUrl":"https:\/\/senior-pro.de\/media\/2023\/07\/Design-ohne-Titel-2023-07-25T111918.011.jpg","datePublished":"2023-07-25T09:21:00+00:00","dateModified":"2023-07-27T07:55:36+00:00","description":"Das Joanneum entwickelt L\u00f6sungen und Technologien f\u00fcr Wirtschaft und Industrie in einem breiten Branchenspektrum und betreibt seit","breadcrumb":{"@id":"https:\/\/senior-pro.de\/joanneum-research-forschungsgesellschaft-mbh-2\/#breadcrumb"},"inLanguage":"en-GB","potentialAction":[{"@type":"ReadAction","target":["https:\/\/senior-pro.de\/joanneum-research-forschungsgesellschaft-mbh-2\/"]}]},{"@type":"ImageObject","inLanguage":"en-GB","@id":"https:\/\/senior-pro.de\/joanneum-research-forschungsgesellschaft-mbh-2\/#primaryimage","url":"https:\/\/senior-pro.de\/media\/2023\/07\/Design-ohne-Titel-2023-07-25T111918.011.jpg","contentUrl":"https:\/\/senior-pro.de\/media\/2023\/07\/Design-ohne-Titel-2023-07-25T111918.011.jpg","width":1000,"height":1000},{"@type":"BreadcrumbList","@id":"https:\/\/senior-pro.de\/joanneum-research-forschungsgesellschaft-mbh-2\/#breadcrumb","itemListElement":[{"@type":"ListItem","position":1,"name":"Startseite","item":"https:\/\/senior-pro.de\/"},{"@type":"ListItem","position":2,"name":"JOANNEUM RESEARCH Forschungsgesellschaft mbH"}]},{"@type":"WebSite","@id":"https:\/\/senior-pro.de\/#website","url":"https:\/\/senior-pro.de\/","name":"SeniorPRO","description":"Innovations for a self-determined life in old age","potentialAction":[{"@type":"SearchAction","target":{"@type":"EntryPoint","urlTemplate":"https:\/\/senior-pro.de\/?s={search_term_string}"},"query-input":{"@type":"PropertyValueSpecification","valueRequired":true,"valueName":"search_term_string"}}],"inLanguage":"en-GB"}]}},"_links":{"self":[{"href":"https:\/\/senior-pro.de\/en\/wp-json\/wp\/v2\/pages\/23944266","targetHints":{"allow":["GET"]}}],"collection":[{"href":"https:\/\/senior-pro.de\/en\/wp-json\/wp\/v2\/pages"}],"about":[{"href":"https:\/\/senior-pro.de\/en\/wp-json\/wp\/v2\/types\/page"}],"author":[{"embeddable":true,"href":"https:\/\/senior-pro.de\/en\/wp-json\/wp\/v2\/users\/4"}],"replies":[{"embeddable":true,"href":"https:\/\/senior-pro.de\/en\/wp-json\/wp\/v2\/comments?post=23944266"}],"version-history":[{"count":4,"href":"https:\/\/senior-pro.de\/en\/wp-json\/wp\/v2\/pages\/23944266\/revisions"}],"predecessor-version":[{"id":23944369,"href":"https:\/\/senior-pro.de\/en\/wp-json\/wp\/v2\/pages\/23944266\/revisions\/23944369"}],"wp:featuredmedia":[{"embeddable":true,"href":"https:\/\/senior-pro.de\/en\/wp-json\/wp\/v2\/media\/23944267"}],"wp:attachment":[{"href":"https:\/\/senior-pro.de\/en\/wp-json\/wp\/v2\/media?parent=23944266"}],"wp:term":[{"taxonomy":"dipi_cpt_category","embeddable":true,"href":"https:\/\/senior-pro.de\/en\/wp-json\/wp\/v2\/dipi_cpt_category?post=23944266"}],"curies":[{"name":"wp","href":"https:\/\/api.w.org\/{rel}","templated":true}]}}