{"id":23944318,"date":"2023-07-26T10:25:55","date_gmt":"2023-07-26T10:25:55","guid":{"rendered":"https:\/\/senior-pro.de\/?page_id=23944318"},"modified":"2023-07-27T08:08:00","modified_gmt":"2023-07-27T08:08:00","slug":"solvitrac-ug","status":"publish","type":"page","link":"https:\/\/senior-pro.de\/en\/solvitrac-ug\/","title":{"rendered":"Solvitrac UG (limited liability)"},"content":{"rendered":"<p>[et_pb_section fb_built=&#8221;1&#8243; _builder_version=&#8221;4.16&#8243; global_colors_info=&#8221;{}&#8221;][et_pb_row column_structure=&#8221;1_2,1_2&#8243; _builder_version=&#8221;4.16&#8243; global_colors_info=&#8221;{}&#8221;][et_pb_column type=&#8221;1_2&#8243; _builder_version=&#8221;4.16&#8243; global_colors_info=&#8221;{}&#8221;][et_pb_text _builder_version=&#8221;4.21.0&#8243; text_font=&#8221;Mukta Malar|700|||||||&#8221; text_font_size=&#8221;25px&#8221; header_3_font=&#8221;Mukta Malar|700|||||||&#8221; header_3_text_color=&#8221;#000000&#8243; header_3_font_size=&#8221;29px&#8221; custom_margin=&#8221;7px||||false|false&#8221; global_colors_info=&#8221;{}&#8221;]<\/p>\n<h3><strong>Solvitrac UG (limited liability)<\/strong><\/h3>\n<p>[\/et_pb_text][et_pb_divider color=&#8221;#0093a7&#8243; divider_weight=&#8221;2px&#8221; _builder_version=&#8221;4.21.0&#8243; hover_enabled=&#8221;0&#8243; global_colors_info=&#8221;{}&#8221; sticky_enabled=&#8221;0&#8243;][\/et_pb_divider][\/et_pb_column][et_pb_column type=&#8221;1_2&#8243; _builder_version=&#8221;4.16&#8243; global_colors_info=&#8221;{}&#8221;][et_pb_button button_url=&#8221;https:\/\/senior-pro.de\/&#8221; button_text=&#8221;ZUR\u00dcCK&#8221; button_alignment=&#8221;right&#8221; _builder_version=&#8221;4.21.0&#8243; custom_button=&#8221;on&#8221; button_text_size=&#8221;15px&#8221; button_text_color=&#8221;#ffffff&#8221; button_bg_color=&#8221;#0093a7&#8243; button_border_color=&#8221;#0093a7&#8243; button_border_radius=&#8221;0px&#8221; button_font=&#8221;|600|||||||&#8221; button_use_icon=&#8221;off&#8221; custom_margin=&#8221;-2px||||false|false&#8221; custom_padding=&#8221;14px|37px|14px|37px|true|true&#8221; hover_enabled=&#8221;0&#8243; locked=&#8221;off&#8221; global_colors_info=&#8221;{}&#8221; button_text_color__hover_enabled=&#8221;on|hover&#8221; button_text_color__hover=&#8221;#ffffff&#8221; button_bg_color__hover_enabled=&#8221;on|hover&#8221; button_bg_color__hover=&#8221;#0093a7&#8243; button_bg_enable_color__hover=&#8221;on&#8221; button_border_color__hover_enabled=&#8221;on|hover&#8221; button_border_color__hover=&#8221;#0093a7&#8243; button_letter_spacing__hover_enabled=&#8221;on|hover&#8221; button_letter_spacing__hover=&#8221;2px&#8221; button_bg_enable_color=&#8221;on&#8221; sticky_enabled=&#8221;0&#8243;][\/et_pb_button][\/et_pb_column][\/et_pb_row][et_pb_row column_structure=&#8221;3_5,2_5&#8243; _builder_version=&#8221;4.16&#8243; custom_margin=&#8221;0px|auto||auto||&#8221; custom_padding=&#8221;4px||10px|||&#8221; locked=&#8221;off&#8221; global_colors_info=&#8221;{}&#8221;][et_pb_column type=&#8221;3_5&#8243; _builder_version=&#8221;4.16&#8243; global_colors_info=&#8221;{}&#8221;][et_pb_text _builder_version=&#8221;4.21.0&#8243; text_font_size=&#8221;16px&#8221; global_colors_info=&#8221;{}&#8221;]<\/p>\n<p>The company focuses on radio-based systems and products, including special solutions for sensor-based vital data monitoring in various areas of application in the context of medical care and nursing. The core expertise relates to sensors for measuring EMG and EEG signals using radar technology. The company also has proven expertise in certifiable high-performance electronics. The measured values detected can be used for everything from pure monitoring to active biofeedback monitoring. Other focal points are the indoor and outdoor localisation of people and objects. The general communication methods used by the company are extended as required by SatNav localisation and communication methods using GPS, GLONASS and GALILEO.<\/p>\n<p><span><strong>Core competences for the network: contactless recording of vital parameters<\/strong><\/span><\/p>\n<p>[\/et_pb_text][\/et_pb_column][et_pb_column type=&#8221;2_5&#8243; _builder_version=&#8221;4.16&#8243; custom_padding=&#8221;30px|30px|30px|30px|true|false&#8221; box_shadow_style=&#8221;preset1&#8243; global_colors_info=&#8221;{}&#8221;][et_pb_image src=&#8221;https:\/\/senior-pro.de\/media\/2023\/07\/Design-ohne-Titel-2023-07-26T120406.462.jpg&#8221; title_text=&#8221;Design ohne Titel &#8211; 2023-07-26T120406.462&#8243; _builder_version=&#8221;4.21.0&#8243; custom_margin=&#8221;-7px|||||&#8221; custom_padding=&#8221;|||15px||&#8221; global_colors_info=&#8221;{}&#8221;][\/et_pb_image][et_pb_blurb url=&#8221;http:\/\/solvitrac.de\/&#8221; use_icon=&#8221;on&#8221; font_icon=&#8221;&#xe0e3;||divi||400&#8243; icon_color=&#8221;#0093a7&#8243; icon_placement=&#8221;left&#8221; image_icon_width=&#8221;25px&#8221; _builder_version=&#8221;4.21.0&#8243; body_font=&#8221;|600|||||||&#8221; body_font_size=&#8221;19px&#8221; body_link_font=&#8221;|600|||||||&#8221; body_link_text_color=&#8221;#0093a7&#8243; body_link_font_size=&#8221;18px&#8221; body_link_line_height=&#8221;1.5em&#8221; custom_margin=&#8221;||56px|50px|false|false&#8221; link_option_url=&#8221;http:\/\/solvitrac.de\/&#8221; hover_enabled=&#8221;0&#8243; icon_font_size=&#8221;25px&#8221; global_colors_info=&#8221;{}&#8221; body_link_letter_spacing__hover_enabled=&#8221;on|hover&#8221; body_link_letter_spacing__hover=&#8221;2px&#8221; sticky_enabled=&#8221;0&#8243;]<\/p>\n<p><a href=\"http:\/\/solvitrac.de\/\">Visit website<\/a><\/p>\n<p>[\/et_pb_blurb][\/et_pb_column][\/et_pb_row][et_pb_row _builder_version=&#8221;4.16&#8243; global_colors_info=&#8221;{}&#8221;][et_pb_column type=&#8221;4_4&#8243; _builder_version=&#8221;4.16&#8243; global_colors_info=&#8221;{}&#8221;][\/et_pb_column][\/et_pb_row][\/et_pb_section]<\/p>","protected":false},"excerpt":{"rendered":"<p>Solvitrac UG (haftungsbeschr\u00e4nkt)Schwerpunkt des Unternehmens bilden funkbasierte Systeme und Produkte einschlie\u00dflich spezieller L\u00f6sungen f\u00fcr das sensorbasierte Vitaldatenmonitoring in unterschiedlichen Anwendungsbereichen im Kontext der medizinischen Versorgung und Pflege. Das Kern-Know-how betrifft Sensoren f\u00fcr die Messung von EMG- und EEG-Signalen unter Nutzung der Radartechnologie. Zudem besteht eine ausgewiesene Expertise in Bezug auf zertifizierbare Hochleistungselektronik. Die detektierten Messwerte [&hellip;]<\/p>","protected":false},"author":4,"featured_media":23944298,"parent":0,"menu_order":0,"comment_status":"closed","ping_status":"closed","template":"","meta":{"_et_pb_use_builder":"on","_et_pb_old_content":"","_et_gb_content_width":"","footnotes":""},"dipi_cpt_category":[],"yoast_head":"<!-- This site is optimized with the Yoast SEO plugin v22.9 - https:\/\/yoast.com\/wordpress\/plugins\/seo\/ -->\n<title>Solvitrac UG (haftungsbeschr\u00e4nkt) - SeniorPRO<\/title>\n<meta name=\"description\" content=\"Schwerpunkt des Unternehmens bilden funkbasierte Systeme und Produkte einschlie\u00dflich spezieller L\u00f6sungen f\u00fcr das sensorbasierte\" \/>\n<meta name=\"robots\" content=\"index, follow, max-snippet:-1, max-image-preview:large, max-video-preview:-1\" \/>\n<link rel=\"canonical\" href=\"https:\/\/senior-pro.de\/en\/solvitrac-ug\/\" \/>\n<meta property=\"og:locale\" content=\"en_GB\" \/>\n<meta property=\"og:type\" content=\"article\" \/>\n<meta property=\"og:title\" content=\"Solvitrac UG (haftungsbeschr\u00e4nkt) - SeniorPRO\" \/>\n<meta property=\"og:description\" content=\"Schwerpunkt des Unternehmens bilden funkbasierte Systeme und Produkte einschlie\u00dflich spezieller L\u00f6sungen f\u00fcr das sensorbasierte\" \/>\n<meta property=\"og:url\" content=\"https:\/\/senior-pro.de\/en\/solvitrac-ug\/\" \/>\n<meta property=\"og:site_name\" content=\"SeniorPRO\" \/>\n<meta property=\"article:modified_time\" content=\"2023-07-27T08:08:00+00:00\" \/>\n<meta property=\"og:image\" content=\"https:\/\/senior-pro.de\/media\/2023\/07\/Design-ohne-Titel-2023-07-26T120406.462.jpg\" \/>\n\t<meta property=\"og:image:width\" content=\"1000\" \/>\n\t<meta property=\"og:image:height\" content=\"1000\" \/>\n\t<meta property=\"og:image:type\" content=\"image\/jpeg\" \/>\n<meta name=\"twitter:card\" content=\"summary_large_image\" \/>\n<meta name=\"twitter:label1\" content=\"Estimated reading time\" \/>\n\t<meta name=\"twitter:data1\" content=\"2 minutes\" \/>\n<script type=\"application\/ld+json\" class=\"yoast-schema-graph\">{\"@context\":\"https:\/\/schema.org\",\"@graph\":[{\"@type\":\"WebPage\",\"@id\":\"https:\/\/senior-pro.de\/solvitrac-ug\/\",\"url\":\"https:\/\/senior-pro.de\/solvitrac-ug\/\",\"name\":\"Solvitrac UG (haftungsbeschr\u00e4nkt) - SeniorPRO\",\"isPartOf\":{\"@id\":\"https:\/\/senior-pro.de\/#website\"},\"primaryImageOfPage\":{\"@id\":\"https:\/\/senior-pro.de\/solvitrac-ug\/#primaryimage\"},\"image\":{\"@id\":\"https:\/\/senior-pro.de\/solvitrac-ug\/#primaryimage\"},\"thumbnailUrl\":\"https:\/\/senior-pro.de\/media\/2023\/07\/Design-ohne-Titel-2023-07-26T120406.462.jpg\",\"datePublished\":\"2023-07-26T10:25:55+00:00\",\"dateModified\":\"2023-07-27T08:08:00+00:00\",\"description\":\"Schwerpunkt des Unternehmens bilden funkbasierte Systeme und Produkte einschlie\u00dflich spezieller L\u00f6sungen f\u00fcr das sensorbasierte\",\"breadcrumb\":{\"@id\":\"https:\/\/senior-pro.de\/solvitrac-ug\/#breadcrumb\"},\"inLanguage\":\"en-GB\",\"potentialAction\":[{\"@type\":\"ReadAction\",\"target\":[\"https:\/\/senior-pro.de\/solvitrac-ug\/\"]}]},{\"@type\":\"ImageObject\",\"inLanguage\":\"en-GB\",\"@id\":\"https:\/\/senior-pro.de\/solvitrac-ug\/#primaryimage\",\"url\":\"https:\/\/senior-pro.de\/media\/2023\/07\/Design-ohne-Titel-2023-07-26T120406.462.jpg\",\"contentUrl\":\"https:\/\/senior-pro.de\/media\/2023\/07\/Design-ohne-Titel-2023-07-26T120406.462.jpg\",\"width\":1000,\"height\":1000},{\"@type\":\"BreadcrumbList\",\"@id\":\"https:\/\/senior-pro.de\/solvitrac-ug\/#breadcrumb\",\"itemListElement\":[{\"@type\":\"ListItem\",\"position\":1,\"name\":\"Startseite\",\"item\":\"https:\/\/senior-pro.de\/\"},{\"@type\":\"ListItem\",\"position\":2,\"name\":\"Solvitrac UG (haftungsbeschr\u00e4nkt)\"}]},{\"@type\":\"WebSite\",\"@id\":\"https:\/\/senior-pro.de\/#website\",\"url\":\"https:\/\/senior-pro.de\/\",\"name\":\"SeniorPRO\",\"description\":\"Innovationen f\u00fcr ein selbstbestimmtes Leben im Alter\",\"potentialAction\":[{\"@type\":\"SearchAction\",\"target\":{\"@type\":\"EntryPoint\",\"urlTemplate\":\"https:\/\/senior-pro.de\/?s={search_term_string}\"},\"query-input\":\"required name=search_term_string\"}],\"inLanguage\":\"en-GB\"}]}<\/script>\n<!-- \/ Yoast SEO plugin. -->","yoast_head_json":{"title":"Solvitrac UG (haftungsbeschr\u00e4nkt) - SeniorPRO","description":"Schwerpunkt des Unternehmens bilden funkbasierte Systeme und Produkte einschlie\u00dflich spezieller L\u00f6sungen f\u00fcr das sensorbasierte","robots":{"index":"index","follow":"follow","max-snippet":"max-snippet:-1","max-image-preview":"max-image-preview:large","max-video-preview":"max-video-preview:-1"},"canonical":"https:\/\/senior-pro.de\/en\/solvitrac-ug\/","og_locale":"en_GB","og_type":"article","og_title":"Solvitrac UG (haftungsbeschr\u00e4nkt) - SeniorPRO","og_description":"Schwerpunkt des Unternehmens bilden funkbasierte Systeme und Produkte einschlie\u00dflich spezieller L\u00f6sungen f\u00fcr das sensorbasierte","og_url":"https:\/\/senior-pro.de\/en\/solvitrac-ug\/","og_site_name":"SeniorPRO","article_modified_time":"2023-07-27T08:08:00+00:00","og_image":[{"width":1000,"height":1000,"url":"https:\/\/senior-pro.de\/media\/2023\/07\/Design-ohne-Titel-2023-07-26T120406.462.jpg","type":"image\/jpeg"}],"twitter_card":"summary_large_image","twitter_misc":{"Estimated reading time":"2 minutes"},"schema":{"@context":"https:\/\/schema.org","@graph":[{"@type":"WebPage","@id":"https:\/\/senior-pro.de\/solvitrac-ug\/","url":"https:\/\/senior-pro.de\/solvitrac-ug\/","name":"Solvitrac UG (haftungsbeschr\u00e4nkt) - SeniorPRO","isPartOf":{"@id":"https:\/\/senior-pro.de\/#website"},"primaryImageOfPage":{"@id":"https:\/\/senior-pro.de\/solvitrac-ug\/#primaryimage"},"image":{"@id":"https:\/\/senior-pro.de\/solvitrac-ug\/#primaryimage"},"thumbnailUrl":"https:\/\/senior-pro.de\/media\/2023\/07\/Design-ohne-Titel-2023-07-26T120406.462.jpg","datePublished":"2023-07-26T10:25:55+00:00","dateModified":"2023-07-27T08:08:00+00:00","description":"Schwerpunkt des Unternehmens bilden funkbasierte Systeme und Produkte einschlie\u00dflich spezieller L\u00f6sungen f\u00fcr das sensorbasierte","breadcrumb":{"@id":"https:\/\/senior-pro.de\/solvitrac-ug\/#breadcrumb"},"inLanguage":"en-GB","potentialAction":[{"@type":"ReadAction","target":["https:\/\/senior-pro.de\/solvitrac-ug\/"]}]},{"@type":"ImageObject","inLanguage":"en-GB","@id":"https:\/\/senior-pro.de\/solvitrac-ug\/#primaryimage","url":"https:\/\/senior-pro.de\/media\/2023\/07\/Design-ohne-Titel-2023-07-26T120406.462.jpg","contentUrl":"https:\/\/senior-pro.de\/media\/2023\/07\/Design-ohne-Titel-2023-07-26T120406.462.jpg","width":1000,"height":1000},{"@type":"BreadcrumbList","@id":"https:\/\/senior-pro.de\/solvitrac-ug\/#breadcrumb","itemListElement":[{"@type":"ListItem","position":1,"name":"Startseite","item":"https:\/\/senior-pro.de\/"},{"@type":"ListItem","position":2,"name":"Solvitrac UG (haftungsbeschr\u00e4nkt)"}]},{"@type":"WebSite","@id":"https:\/\/senior-pro.de\/#website","url":"https:\/\/senior-pro.de\/","name":"SeniorPRO","description":"Innovationen f\u00fcr ein selbstbestimmtes Leben im Alter","potentialAction":[{"@type":"SearchAction","target":{"@type":"EntryPoint","urlTemplate":"https:\/\/senior-pro.de\/?s={search_term_string}"},"query-input":"required name=search_term_string"}],"inLanguage":"en-GB"}]}},"_links":{"self":[{"href":"https:\/\/senior-pro.de\/en\/wp-json\/wp\/v2\/pages\/23944318"}],"collection":[{"href":"https:\/\/senior-pro.de\/en\/wp-json\/wp\/v2\/pages"}],"about":[{"href":"https:\/\/senior-pro.de\/en\/wp-json\/wp\/v2\/types\/page"}],"author":[{"embeddable":true,"href":"https:\/\/senior-pro.de\/en\/wp-json\/wp\/v2\/users\/4"}],"replies":[{"embeddable":true,"href":"https:\/\/senior-pro.de\/en\/wp-json\/wp\/v2\/comments?post=23944318"}],"version-history":[{"count":4,"href":"https:\/\/senior-pro.de\/en\/wp-json\/wp\/v2\/pages\/23944318\/revisions"}],"predecessor-version":[{"id":23944374,"href":"https:\/\/senior-pro.de\/en\/wp-json\/wp\/v2\/pages\/23944318\/revisions\/23944374"}],"wp:featuredmedia":[{"embeddable":true,"href":"https:\/\/senior-pro.de\/en\/wp-json\/wp\/v2\/media\/23944298"}],"wp:attachment":[{"href":"https:\/\/senior-pro.de\/en\/wp-json\/wp\/v2\/media?parent=23944318"}],"wp:term":[{"taxonomy":"dipi_cpt_category","embeddable":true,"href":"https:\/\/senior-pro.de\/en\/wp-json\/wp\/v2\/dipi_cpt_category?post=23944318"}],"curies":[{"name":"wp","href":"https:\/\/api.w.org\/{rel}","templated":true}]}}