{"id":23944791,"date":"2024-12-03T13:12:41","date_gmt":"2024-12-03T13:12:41","guid":{"rendered":"https:\/\/senior-pro.de\/?page_id=23944791"},"modified":"2024-12-03T13:12:42","modified_gmt":"2024-12-03T13:12:42","slug":"charite-universitaetsmedizin-berlin-klinik-fuer-geriatrie-und-altersmedizin","status":"publish","type":"page","link":"https:\/\/senior-pro.de\/en\/charite-universitaetsmedizin-berlin-klinik-fuer-geriatrie-und-altersmedizin\/","title":{"rendered":"Charit\u00e9 - Universit\u00e4tsmedizin Berlin, Clinic for Geriatrics and Geriatric Medicine"},"content":{"rendered":"<p>[et_pb_section fb_built=&#8221;1&#8243; _builder_version=&#8221;4.16&#8243; global_colors_info=&#8221;{}&#8221;][et_pb_row column_structure=&#8221;1_2,1_2&#8243; _builder_version=&#8221;4.16&#8243; global_colors_info=&#8221;{}&#8221;][et_pb_column type=&#8221;1_2&#8243; _builder_version=&#8221;4.16&#8243; global_colors_info=&#8221;{}&#8221;][et_pb_text _builder_version=&#8221;4.25.2&#8243; text_font=&#8221;Mukta Malar|700|||||||&#8221; text_font_size=&#8221;25px&#8221; header_3_font=&#8221;Mukta Malar|700|||||||&#8221; header_3_text_color=&#8221;#000000&#8243; header_3_font_size=&#8221;29px&#8221; custom_margin=&#8221;7px||||false|false&#8221; global_colors_info=&#8221;{}&#8221;]<\/p>\n<h3>Charit\u00e9 - Universit\u00e4tsmedizin Berlin, Clinic for Geriatrics and Geriatric Medicine<\/h3>\n<p>[\/et_pb_text][et_pb_divider color=&#8221;#0093a7&#8243; divider_weight=&#8221;2px&#8221; _builder_version=&#8221;4.21.0&#8243; global_colors_info=&#8221;{}&#8221;][\/et_pb_divider][\/et_pb_column][et_pb_column type=&#8221;1_2&#8243; _builder_version=&#8221;4.16&#8243; global_colors_info=&#8221;{}&#8221;][et_pb_button button_url=&#8221;https:\/\/senior-pro.de\/&#8221; button_text=&#8221;ZUR\u00dcCK&#8221; button_alignment=&#8221;right&#8221; _builder_version=&#8221;4.21.0&#8243; custom_button=&#8221;on&#8221; button_text_size=&#8221;15px&#8221; button_text_color=&#8221;#ffffff&#8221; button_bg_color=&#8221;#0093a7&#8243; button_border_color=&#8221;#0093a7&#8243; button_border_radius=&#8221;0px&#8221; button_font=&#8221;|600|||||||&#8221; button_use_icon=&#8221;off&#8221; custom_margin=&#8221;-2px||||false|false&#8221; custom_padding=&#8221;14px|37px|14px|37px|true|true&#8221; locked=&#8221;off&#8221; global_colors_info=&#8221;{}&#8221; button_text_color__hover_enabled=&#8221;on|hover&#8221; button_text_color__hover=&#8221;#ffffff&#8221; button_bg_color__hover_enabled=&#8221;on|hover&#8221; button_bg_color__hover=&#8221;#0093a7&#8243; button_bg_enable_color__hover=&#8221;on&#8221; button_border_color__hover_enabled=&#8221;on|hover&#8221; button_border_color__hover=&#8221;#0093a7&#8243; button_letter_spacing__hover_enabled=&#8221;on|hover&#8221; button_letter_spacing__hover=&#8221;2px&#8221;][\/et_pb_button][\/et_pb_column][\/et_pb_row][et_pb_row column_structure=&#8221;3_5,2_5&#8243; _builder_version=&#8221;4.16&#8243; custom_margin=&#8221;0px|auto||auto||&#8221; custom_padding=&#8221;4px||10px|||&#8221; locked=&#8221;off&#8221; global_colors_info=&#8221;{}&#8221;][et_pb_column type=&#8221;3_5&#8243; _builder_version=&#8221;4.16&#8243; global_colors_info=&#8221;{}&#8221;][et_pb_text _builder_version=&#8221;4.25.2&#8243; text_font_size=&#8221;16px&#8221; hover_enabled=&#8221;0&#8243; global_colors_info=&#8221;{}&#8221; sticky_enabled=&#8221;0&#8243;]<\/p>\n<p>The Department of Geriatrics and Geriatric Medicine at Charit\u00e9 - Universit\u00e4tsmedizin Berlin specialises in the care of older, elderly and very elderly people. As part of the Charit\u00e9, one of the largest university hospitals in Europe, the clinic combines innovative research with high-quality patient care in an interprofessional context.<\/p>\n<p>The clinic is dedicated to the comprehensive care of elderly patients and the management of specific age-related challenges, such as mutimorbidity. The focus here is on the diagnosis, prevention and treatment of age-specific diseases and phenomena. The interprofessional team of doctors, carers, therapeutic staff and other experts work closely together to ensure holistic care.<\/p>\n<p>Research at the Clinic for Geriatrics and Geriatric Medicine contributes to a deeper understanding of health and physiological change processes in old age and to the development of innovative approaches in geriatric care. The Geriatrics Research Group deals with issues relating to geriatric and clinical care and healthcare research as well as the development and evaluation of technological innovations and health and care-related IT solutions. The future-oriented focus combines the scientific perspective of care and healthcare with technological innovations for the benefit of those in need of care, their relatives and optimised processes.<\/p>\n<p>By closely linking teaching, research and patient care, the clinic makes a significant contribution to the further development of geriatric medicine.<\/p>\n<p><span><strong>Core competences for the network: <\/strong><\/span><strong>Geriatric medicine with research focus on technology-assisted health and care in old age, nutrition, care and immunoaging<\/strong><\/p>\n<p>[\/et_pb_text][\/et_pb_column][et_pb_column type=&#8221;2_5&#8243; _builder_version=&#8221;4.16&#8243; custom_padding=&#8221;30px|30px|30px|30px|true|false&#8221; box_shadow_style=&#8221;preset1&#8243; global_colors_info=&#8221;{}&#8221;][et_pb_image src=&#8221;https:\/\/senior-pro.de\/media\/2024\/12\/CHARITE-\u2013-UNIVERSITAeTSMEDIZIN-BERLIN-KLINIK-FUeR-GERIATRIE-UND-ALTERSMEDIZIN.png&#8221; title_text=&#8221;CHARIT\u00c9 \u2013 UNIVERSIT\u00c4TSMEDIZIN BERLIN, KLINIK F\u00dcR GERIATRIE UND ALTERSMEDIZIN&#8221; _builder_version=&#8221;4.25.2&#8243; custom_margin=&#8221;-7px|||||&#8221; custom_padding=&#8221;|||15px||&#8221; hover_enabled=&#8221;0&#8243; global_colors_info=&#8221;{}&#8221; sticky_enabled=&#8221;0&#8243;][\/et_pb_image][et_pb_blurb url=&#8221;https:\/\/www.medit.hia.rwth-aachen.de\/&#8221; use_icon=&#8221;on&#8221; font_icon=&#8221;&#xe0e3;||divi||400&#8243; icon_color=&#8221;#0093a7&#8243; icon_placement=&#8221;left&#8221; image_icon_width=&#8221;25px&#8221; _builder_version=&#8221;4.25.2&#8243; body_font=&#8221;|600|||||||&#8221; body_font_size=&#8221;19px&#8221; body_link_font=&#8221;|600|||||||&#8221; body_link_text_color=&#8221;#0093a7&#8243; body_link_font_size=&#8221;18px&#8221; body_link_line_height=&#8221;1.5em&#8221; custom_margin=&#8221;||56px|50px|false|false&#8221; link_option_url=&#8221;https:\/\/www.medit.hia.rwth-aachen.de\/&#8221; hover_enabled=&#8221;0&#8243; icon_font_size=&#8221;25px&#8221; global_colors_info=&#8221;{}&#8221; body_link_letter_spacing__hover_enabled=&#8221;on|hover&#8221; body_link_letter_spacing__hover=&#8221;2px&#8221; sticky_enabled=&#8221;0&#8243;]<\/p>\n<p><a href=\"https:\/\/geriatrie.charite.de\/\">Visit website<\/a><\/p>\n<p>[\/et_pb_blurb][\/et_pb_column][\/et_pb_row][et_pb_row _builder_version=&#8221;4.16&#8243; global_colors_info=&#8221;{}&#8221;][et_pb_column type=&#8221;4_4&#8243; _builder_version=&#8221;4.16&#8243; global_colors_info=&#8221;{}&#8221;][\/et_pb_column][\/et_pb_row][\/et_pb_section]<\/p>","protected":false},"excerpt":{"rendered":"<p>Charit\u00e9 \u2013 Universit\u00e4tsmedizin Berlin, Klinik f\u00fcr Geriatrie und AltersmedizinDie Klinik f\u00fcr Geriatrie und Altersmedizin an der Charit\u00e9 \u2013 Universit\u00e4tsmedizin Berlin ist auf die Versorgung \u00e4lterer, betagter und hochbetagter Menschen spezialisiert. Als Teil der Charit\u00e9, einem der gr\u00f6\u00dften Universit\u00e4tsklinika Europas, kombiniert die Klinik innovative Forschung mit hochwertiger Patientenversorgung im interprofessionellen Kontext. Die Klinik widmet sich der [&hellip;]<\/p>","protected":false},"author":5,"featured_media":23944792,"parent":0,"menu_order":0,"comment_status":"closed","ping_status":"closed","template":"","meta":{"_et_pb_use_builder":"on","_et_pb_old_content":"","_et_gb_content_width":"","footnotes":""},"dipi_cpt_category":[],"yoast_head":"<!-- This site is optimized with the Yoast SEO plugin v22.9 - https:\/\/yoast.com\/wordpress\/plugins\/seo\/ -->\n<title>Charit\u00e9 \u2013 Universit\u00e4tsmedizin Berlin, Klinik f\u00fcr Geriatrie und Altersmedizin - SeniorPRO<\/title>\n<meta name=\"description\" content=\"Die Klinik f\u00fcr Geriatrie und Altersmedizin an der Charit\u00e9 \u2013 Universit\u00e4tsmedizin Berlin ist auf die Versorgung \u00e4lterer, betagter und hochbetagter Menschen spezialisiert.\" \/>\n<meta name=\"robots\" content=\"index, follow, max-snippet:-1, max-image-preview:large, max-video-preview:-1\" \/>\n<link rel=\"canonical\" href=\"https:\/\/senior-pro.de\/en\/charite-universitaetsmedizin-berlin-klinik-fuer-geriatrie-und-altersmedizin\/\" \/>\n<meta property=\"og:locale\" content=\"en_GB\" \/>\n<meta property=\"og:type\" content=\"article\" \/>\n<meta property=\"og:title\" content=\"Charit\u00e9 \u2013 Universit\u00e4tsmedizin Berlin, Klinik f\u00fcr Geriatrie und Altersmedizin - SeniorPRO\" \/>\n<meta property=\"og:description\" content=\"Die Klinik f\u00fcr Geriatrie und Altersmedizin an der Charit\u00e9 \u2013 Universit\u00e4tsmedizin Berlin ist auf die Versorgung \u00e4lterer, betagter und hochbetagter Menschen spezialisiert.\" \/>\n<meta property=\"og:url\" content=\"https:\/\/senior-pro.de\/en\/charite-universitaetsmedizin-berlin-klinik-fuer-geriatrie-und-altersmedizin\/\" \/>\n<meta property=\"og:site_name\" content=\"SeniorPRO\" \/>\n<meta property=\"article:modified_time\" content=\"2024-12-03T13:12:42+00:00\" \/>\n<meta property=\"og:image\" content=\"https:\/\/senior-pro.de\/media\/2024\/12\/CHARITE-\u2013-UNIVERSITAeTSMEDIZIN-BERLIN-KLINIK-FUeR-GERIATRIE-UND-ALTERSMEDIZIN.png\" \/>\n\t<meta property=\"og:image:width\" content=\"1000\" \/>\n\t<meta property=\"og:image:height\" content=\"1000\" \/>\n\t<meta property=\"og:image:type\" content=\"image\/png\" \/>\n<meta name=\"twitter:card\" content=\"summary_large_image\" \/>\n<meta name=\"twitter:label1\" content=\"Estimated reading time\" \/>\n\t<meta name=\"twitter:data1\" content=\"1 minute\" \/>\n<script type=\"application\/ld+json\" class=\"yoast-schema-graph\">{\"@context\":\"https:\/\/schema.org\",\"@graph\":[{\"@type\":\"WebPage\",\"@id\":\"https:\/\/senior-pro.de\/charite-universitaetsmedizin-berlin-klinik-fuer-geriatrie-und-altersmedizin\/\",\"url\":\"https:\/\/senior-pro.de\/charite-universitaetsmedizin-berlin-klinik-fuer-geriatrie-und-altersmedizin\/\",\"name\":\"Charit\u00e9 \u2013 Universit\u00e4tsmedizin Berlin, Klinik f\u00fcr Geriatrie und Altersmedizin - SeniorPRO\",\"isPartOf\":{\"@id\":\"https:\/\/senior-pro.de\/#website\"},\"primaryImageOfPage\":{\"@id\":\"https:\/\/senior-pro.de\/charite-universitaetsmedizin-berlin-klinik-fuer-geriatrie-und-altersmedizin\/#primaryimage\"},\"image\":{\"@id\":\"https:\/\/senior-pro.de\/charite-universitaetsmedizin-berlin-klinik-fuer-geriatrie-und-altersmedizin\/#primaryimage\"},\"thumbnailUrl\":\"https:\/\/senior-pro.de\/media\/2024\/12\/CHARITE-\u2013-UNIVERSITAeTSMEDIZIN-BERLIN-KLINIK-FUeR-GERIATRIE-UND-ALTERSMEDIZIN.png\",\"datePublished\":\"2024-12-03T13:12:41+00:00\",\"dateModified\":\"2024-12-03T13:12:42+00:00\",\"description\":\"Die Klinik f\u00fcr Geriatrie und Altersmedizin an der Charit\u00e9 \u2013 Universit\u00e4tsmedizin Berlin ist auf die Versorgung \u00e4lterer, betagter und hochbetagter Menschen spezialisiert.\",\"breadcrumb\":{\"@id\":\"https:\/\/senior-pro.de\/charite-universitaetsmedizin-berlin-klinik-fuer-geriatrie-und-altersmedizin\/#breadcrumb\"},\"inLanguage\":\"en-GB\",\"potentialAction\":[{\"@type\":\"ReadAction\",\"target\":[\"https:\/\/senior-pro.de\/charite-universitaetsmedizin-berlin-klinik-fuer-geriatrie-und-altersmedizin\/\"]}]},{\"@type\":\"ImageObject\",\"inLanguage\":\"en-GB\",\"@id\":\"https:\/\/senior-pro.de\/charite-universitaetsmedizin-berlin-klinik-fuer-geriatrie-und-altersmedizin\/#primaryimage\",\"url\":\"https:\/\/senior-pro.de\/media\/2024\/12\/CHARITE-\u2013-UNIVERSITAeTSMEDIZIN-BERLIN-KLINIK-FUeR-GERIATRIE-UND-ALTERSMEDIZIN.png\",\"contentUrl\":\"https:\/\/senior-pro.de\/media\/2024\/12\/CHARITE-\u2013-UNIVERSITAeTSMEDIZIN-BERLIN-KLINIK-FUeR-GERIATRIE-UND-ALTERSMEDIZIN.png\",\"width\":1000,\"height\":1000},{\"@type\":\"BreadcrumbList\",\"@id\":\"https:\/\/senior-pro.de\/charite-universitaetsmedizin-berlin-klinik-fuer-geriatrie-und-altersmedizin\/#breadcrumb\",\"itemListElement\":[{\"@type\":\"ListItem\",\"position\":1,\"name\":\"Startseite\",\"item\":\"https:\/\/senior-pro.de\/\"},{\"@type\":\"ListItem\",\"position\":2,\"name\":\"Charit\u00e9 \u2013 Universit\u00e4tsmedizin Berlin, Klinik f\u00fcr Geriatrie und Altersmedizin\"}]},{\"@type\":\"WebSite\",\"@id\":\"https:\/\/senior-pro.de\/#website\",\"url\":\"https:\/\/senior-pro.de\/\",\"name\":\"SeniorPRO\",\"description\":\"Innovationen f\u00fcr ein selbstbestimmtes Leben im Alter\",\"potentialAction\":[{\"@type\":\"SearchAction\",\"target\":{\"@type\":\"EntryPoint\",\"urlTemplate\":\"https:\/\/senior-pro.de\/?s={search_term_string}\"},\"query-input\":\"required name=search_term_string\"}],\"inLanguage\":\"en-GB\"}]}<\/script>\n<!-- \/ Yoast SEO plugin. -->","yoast_head_json":{"title":"Charit\u00e9 \u2013 Universit\u00e4tsmedizin Berlin, Klinik f\u00fcr Geriatrie und Altersmedizin - SeniorPRO","description":"Die Klinik f\u00fcr Geriatrie und Altersmedizin an der Charit\u00e9 \u2013 Universit\u00e4tsmedizin Berlin ist auf die Versorgung \u00e4lterer, betagter und hochbetagter Menschen spezialisiert.","robots":{"index":"index","follow":"follow","max-snippet":"max-snippet:-1","max-image-preview":"max-image-preview:large","max-video-preview":"max-video-preview:-1"},"canonical":"https:\/\/senior-pro.de\/en\/charite-universitaetsmedizin-berlin-klinik-fuer-geriatrie-und-altersmedizin\/","og_locale":"en_GB","og_type":"article","og_title":"Charit\u00e9 \u2013 Universit\u00e4tsmedizin Berlin, Klinik f\u00fcr Geriatrie und Altersmedizin - SeniorPRO","og_description":"Die Klinik f\u00fcr Geriatrie und Altersmedizin an der Charit\u00e9 \u2013 Universit\u00e4tsmedizin Berlin ist auf die Versorgung \u00e4lterer, betagter und hochbetagter Menschen spezialisiert.","og_url":"https:\/\/senior-pro.de\/en\/charite-universitaetsmedizin-berlin-klinik-fuer-geriatrie-und-altersmedizin\/","og_site_name":"SeniorPRO","article_modified_time":"2024-12-03T13:12:42+00:00","og_image":[{"width":1000,"height":1000,"url":"https:\/\/senior-pro.de\/media\/2024\/12\/CHARITE-\u2013-UNIVERSITAeTSMEDIZIN-BERLIN-KLINIK-FUeR-GERIATRIE-UND-ALTERSMEDIZIN.png","type":"image\/png"}],"twitter_card":"summary_large_image","twitter_misc":{"Estimated reading time":"1 minute"},"schema":{"@context":"https:\/\/schema.org","@graph":[{"@type":"WebPage","@id":"https:\/\/senior-pro.de\/charite-universitaetsmedizin-berlin-klinik-fuer-geriatrie-und-altersmedizin\/","url":"https:\/\/senior-pro.de\/charite-universitaetsmedizin-berlin-klinik-fuer-geriatrie-und-altersmedizin\/","name":"Charit\u00e9 \u2013 Universit\u00e4tsmedizin Berlin, Klinik f\u00fcr Geriatrie und Altersmedizin - SeniorPRO","isPartOf":{"@id":"https:\/\/senior-pro.de\/#website"},"primaryImageOfPage":{"@id":"https:\/\/senior-pro.de\/charite-universitaetsmedizin-berlin-klinik-fuer-geriatrie-und-altersmedizin\/#primaryimage"},"image":{"@id":"https:\/\/senior-pro.de\/charite-universitaetsmedizin-berlin-klinik-fuer-geriatrie-und-altersmedizin\/#primaryimage"},"thumbnailUrl":"https:\/\/senior-pro.de\/media\/2024\/12\/CHARITE-\u2013-UNIVERSITAeTSMEDIZIN-BERLIN-KLINIK-FUeR-GERIATRIE-UND-ALTERSMEDIZIN.png","datePublished":"2024-12-03T13:12:41+00:00","dateModified":"2024-12-03T13:12:42+00:00","description":"Die Klinik f\u00fcr Geriatrie und Altersmedizin an der Charit\u00e9 \u2013 Universit\u00e4tsmedizin Berlin ist auf die Versorgung \u00e4lterer, betagter und hochbetagter Menschen spezialisiert.","breadcrumb":{"@id":"https:\/\/senior-pro.de\/charite-universitaetsmedizin-berlin-klinik-fuer-geriatrie-und-altersmedizin\/#breadcrumb"},"inLanguage":"en-GB","potentialAction":[{"@type":"ReadAction","target":["https:\/\/senior-pro.de\/charite-universitaetsmedizin-berlin-klinik-fuer-geriatrie-und-altersmedizin\/"]}]},{"@type":"ImageObject","inLanguage":"en-GB","@id":"https:\/\/senior-pro.de\/charite-universitaetsmedizin-berlin-klinik-fuer-geriatrie-und-altersmedizin\/#primaryimage","url":"https:\/\/senior-pro.de\/media\/2024\/12\/CHARITE-\u2013-UNIVERSITAeTSMEDIZIN-BERLIN-KLINIK-FUeR-GERIATRIE-UND-ALTERSMEDIZIN.png","contentUrl":"https:\/\/senior-pro.de\/media\/2024\/12\/CHARITE-\u2013-UNIVERSITAeTSMEDIZIN-BERLIN-KLINIK-FUeR-GERIATRIE-UND-ALTERSMEDIZIN.png","width":1000,"height":1000},{"@type":"BreadcrumbList","@id":"https:\/\/senior-pro.de\/charite-universitaetsmedizin-berlin-klinik-fuer-geriatrie-und-altersmedizin\/#breadcrumb","itemListElement":[{"@type":"ListItem","position":1,"name":"Startseite","item":"https:\/\/senior-pro.de\/"},{"@type":"ListItem","position":2,"name":"Charit\u00e9 \u2013 Universit\u00e4tsmedizin Berlin, Klinik f\u00fcr Geriatrie und Altersmedizin"}]},{"@type":"WebSite","@id":"https:\/\/senior-pro.de\/#website","url":"https:\/\/senior-pro.de\/","name":"SeniorPRO","description":"Innovationen f\u00fcr ein selbstbestimmtes Leben im Alter","potentialAction":[{"@type":"SearchAction","target":{"@type":"EntryPoint","urlTemplate":"https:\/\/senior-pro.de\/?s={search_term_string}"},"query-input":"required name=search_term_string"}],"inLanguage":"en-GB"}]}},"_links":{"self":[{"href":"https:\/\/senior-pro.de\/en\/wp-json\/wp\/v2\/pages\/23944791"}],"collection":[{"href":"https:\/\/senior-pro.de\/en\/wp-json\/wp\/v2\/pages"}],"about":[{"href":"https:\/\/senior-pro.de\/en\/wp-json\/wp\/v2\/types\/page"}],"author":[{"embeddable":true,"href":"https:\/\/senior-pro.de\/en\/wp-json\/wp\/v2\/users\/5"}],"replies":[{"embeddable":true,"href":"https:\/\/senior-pro.de\/en\/wp-json\/wp\/v2\/comments?post=23944791"}],"version-history":[{"count":2,"href":"https:\/\/senior-pro.de\/en\/wp-json\/wp\/v2\/pages\/23944791\/revisions"}],"predecessor-version":[{"id":23944795,"href":"https:\/\/senior-pro.de\/en\/wp-json\/wp\/v2\/pages\/23944791\/revisions\/23944795"}],"wp:featuredmedia":[{"embeddable":true,"href":"https:\/\/senior-pro.de\/en\/wp-json\/wp\/v2\/media\/23944792"}],"wp:attachment":[{"href":"https:\/\/senior-pro.de\/en\/wp-json\/wp\/v2\/media?parent=23944791"}],"wp:term":[{"taxonomy":"dipi_cpt_category","embeddable":true,"href":"https:\/\/senior-pro.de\/en\/wp-json\/wp\/v2\/dipi_cpt_category?post=23944791"}],"curies":[{"name":"wp","href":"https:\/\/api.w.org\/{rel}","templated":true}]}}