{"id":23944796,"date":"2024-12-03T13:18:13","date_gmt":"2024-12-03T13:18:13","guid":{"rendered":"https:\/\/senior-pro.de\/?page_id=23944796"},"modified":"2024-12-03T13:18:13","modified_gmt":"2024-12-03T13:18:13","slug":"deutsche-institute-fuer-textil-und-faserforschung-denkendorf-ditf","status":"publish","type":"page","link":"https:\/\/senior-pro.de\/en\/deutsche-institute-fuer-textil-und-faserforschung-denkendorf-ditf\/","title":{"rendered":"German Institutes for Textile and Fibre Research Denkendorf (DITF)\u00a0\u00a0\u00a0\u00a0"},"content":{"rendered":"<p>[et_pb_section fb_built=&#8221;1&#8243; _builder_version=&#8221;4.16&#8243; global_colors_info=&#8221;{}&#8221;][et_pb_row column_structure=&#8221;1_2,1_2&#8243; _builder_version=&#8221;4.16&#8243; global_colors_info=&#8221;{}&#8221;][et_pb_column type=&#8221;1_2&#8243; _builder_version=&#8221;4.16&#8243; global_colors_info=&#8221;{}&#8221;][et_pb_text _builder_version=&#8221;4.25.2&#8243; text_font=&#8221;Mukta Malar|700|||||||&#8221; text_font_size=&#8221;25px&#8221; header_3_font=&#8221;Mukta Malar|700|||||||&#8221; header_3_text_color=&#8221;#000000&#8243; header_3_font_size=&#8221;29px&#8221; custom_margin=&#8221;7px||||false|false&#8221; global_colors_info=&#8221;{}&#8221;]<\/p>\n<h3>German Institutes for Textile and Fibre Research Denkendorf (DITF)\u00a0\u00a0\u00a0\u00a0<\/h3>\n<p>[\/et_pb_text][et_pb_divider color=&#8221;#0093a7&#8243; divider_weight=&#8221;2px&#8221; _builder_version=&#8221;4.21.0&#8243; global_colors_info=&#8221;{}&#8221;][\/et_pb_divider][\/et_pb_column][et_pb_column type=&#8221;1_2&#8243; _builder_version=&#8221;4.16&#8243; global_colors_info=&#8221;{}&#8221;][et_pb_button button_url=&#8221;https:\/\/senior-pro.de\/&#8221; button_text=&#8221;ZUR\u00dcCK&#8221; button_alignment=&#8221;right&#8221; _builder_version=&#8221;4.21.0&#8243; custom_button=&#8221;on&#8221; button_text_size=&#8221;15px&#8221; button_text_color=&#8221;#ffffff&#8221; button_bg_color=&#8221;#0093a7&#8243; button_border_color=&#8221;#0093a7&#8243; button_border_radius=&#8221;0px&#8221; button_font=&#8221;|600|||||||&#8221; button_use_icon=&#8221;off&#8221; custom_margin=&#8221;-2px||||false|false&#8221; custom_padding=&#8221;14px|37px|14px|37px|true|true&#8221; locked=&#8221;off&#8221; global_colors_info=&#8221;{}&#8221; button_text_color__hover_enabled=&#8221;on|hover&#8221; button_text_color__hover=&#8221;#ffffff&#8221; button_bg_color__hover_enabled=&#8221;on|hover&#8221; button_bg_color__hover=&#8221;#0093a7&#8243; button_bg_enable_color__hover=&#8221;on&#8221; button_border_color__hover_enabled=&#8221;on|hover&#8221; button_border_color__hover=&#8221;#0093a7&#8243; button_letter_spacing__hover_enabled=&#8221;on|hover&#8221; button_letter_spacing__hover=&#8221;2px&#8221;][\/et_pb_button][\/et_pb_column][\/et_pb_row][et_pb_row column_structure=&#8221;3_5,2_5&#8243; _builder_version=&#8221;4.16&#8243; custom_margin=&#8221;0px|auto||auto||&#8221; custom_padding=&#8221;4px||10px|||&#8221; locked=&#8221;off&#8221; global_colors_info=&#8221;{}&#8221;][et_pb_column type=&#8221;3_5&#8243; _builder_version=&#8221;4.16&#8243; global_colors_info=&#8221;{}&#8221;][et_pb_text _builder_version=&#8221;4.25.2&#8243; text_font_size=&#8221;16px&#8221; hover_enabled=&#8221;0&#8243; global_colors_info=&#8221;{}&#8221; sticky_enabled=&#8221;0&#8243;]<\/p>\n<p>The DITF - German Institutes of Textile and Fibre Research Denkendorf - are Europe's leading research institution in the field of textile and materials research. For over 95 years, the DITF have been developing innovative, application-orientated solutions for a wide range of industries, from automotive and aviation technology to healthcare and smart textiles. With a broad spectrum of expertise ranging from material development to process optimisation, the DITF set standards in textile research and development.<\/p>\n<p>In the healthcare sector, the DITF is already working on innovative textile-based solutions that promote comfort, safety and health in old age. These include intelligent textiles that are able to monitor vital data such as heart rate or movement, thus enabling continuous health monitoring. These \u2018smart textiles\u2019 integrate sensors inconspicuously into everyday clothing or bed linen and thus help to recognise health risks such as falls at an early stage.<\/p>\n<p>In addition to functionality, DITF attaches great importance to comfort and well-being. Their textile solutions are skin-friendly, breathable and can be adapted to special needs such as sensitive skin or limited mobility. The DITF also develop sustainable materials that are durable and recyclable in order to meet the increasing demands for environmentally conscious healthcare solutions.<\/p>\n<p>With its innovative, textile-based technologies, the DITF could make a decisive contribution to improving the quality of life of senior citizens and creating age-appropriate solutions for a self-determined life.<\/p>\n<p><span><strong>Core competences for the network: Textile integration \/ textile sensor technology\u00a0\u00a0<\/strong><\/span><\/p>\n<p>[\/et_pb_text][\/et_pb_column][et_pb_column type=&#8221;2_5&#8243; _builder_version=&#8221;4.16&#8243; custom_padding=&#8221;30px|30px|30px|30px|true|false&#8221; box_shadow_style=&#8221;preset1&#8243; global_colors_info=&#8221;{}&#8221;][et_pb_image src=&#8221;https:\/\/senior-pro.de\/media\/2024\/12\/DEUTSCHE-INSTITUTE-FUeR-TEXTIL-UND-FASERFORSCHUNG-DENKENDORF-DITF-.png&#8221; title_text=&#8221;DEUTSCHE INSTITUTE F\u00dcR TEXTIL- UND FASERFORSCHUNG DENKENDORF (DITF)&#8221; _builder_version=&#8221;4.25.2&#8243; custom_margin=&#8221;-7px|||||&#8221; custom_padding=&#8221;|||15px||&#8221; global_colors_info=&#8221;{}&#8221;][\/et_pb_image][et_pb_blurb url=&#8221;https:\/\/www.medit.hia.rwth-aachen.de\/&#8221; use_icon=&#8221;on&#8221; font_icon=&#8221;&#xe0e3;||divi||400&#8243; icon_color=&#8221;#0093a7&#8243; icon_placement=&#8221;left&#8221; image_icon_width=&#8221;25px&#8221; _builder_version=&#8221;4.25.2&#8243; body_font=&#8221;|600|||||||&#8221; body_font_size=&#8221;19px&#8221; body_link_font=&#8221;|600|||||||&#8221; body_link_text_color=&#8221;#0093a7&#8243; body_link_font_size=&#8221;18px&#8221; body_link_line_height=&#8221;1.5em&#8221; custom_margin=&#8221;||56px|50px|false|false&#8221; link_option_url=&#8221;https:\/\/www.medit.hia.rwth-aachen.de\/&#8221; hover_enabled=&#8221;0&#8243; icon_font_size=&#8221;25px&#8221; global_colors_info=&#8221;{}&#8221; body_link_letter_spacing__hover_enabled=&#8221;on|hover&#8221; body_link_letter_spacing__hover=&#8221;2px&#8221; sticky_enabled=&#8221;0&#8243;]<\/p>\n<p><a href=\"https:\/\/www.ditf.de\/\">Visit website<\/a><\/p>\n<p>[\/et_pb_blurb][\/et_pb_column][\/et_pb_row][et_pb_row _builder_version=&#8221;4.16&#8243; global_colors_info=&#8221;{}&#8221;][et_pb_column type=&#8221;4_4&#8243; _builder_version=&#8221;4.16&#8243; global_colors_info=&#8221;{}&#8221;][\/et_pb_column][\/et_pb_row][\/et_pb_section]<\/p>","protected":false},"excerpt":{"rendered":"<p>Deutsche Institute f\u00fcr Textil- und Faserforschung Denkendorf\u00a0 (DITF)\u00a0\u00a0\u00a0\u00a0Die DITF \u2013 Deutsche Institute f\u00fcr Textil- und Faserforschung Denkendorf \u2013 sind Europas f\u00fchrende\u00a0 Forschungseinrichtung im Bereich Textil- und Materialforschung. Seit \u00fcber 95 Jahren entwickeln die DITF innovative, anwendungsorientierte L\u00f6sungen f\u00fcr unterschiedlichste Branchen, von Automobil- und Luftfahrttechnik bis hin zu Gesundheitswesen und Smart Textiles. Mit einem breiten Kompetenzspektrum [&hellip;]<\/p>","protected":false},"author":5,"featured_media":23944797,"parent":0,"menu_order":0,"comment_status":"closed","ping_status":"closed","template":"","meta":{"_et_pb_use_builder":"on","_et_pb_old_content":"","_et_gb_content_width":"","footnotes":""},"dipi_cpt_category":[],"yoast_head":"<!-- This site is optimized with the Yoast SEO plugin v22.9 - https:\/\/yoast.com\/wordpress\/plugins\/seo\/ -->\n<title>Deutsche Institute f\u00fcr Textil- und Faserforschung Denkendorf\u00a0 (DITF)\u00a0\u00a0\u00a0\u00a0 - SeniorPRO<\/title>\n<meta name=\"description\" content=\"Die DITF Denkendorf \u2013 sind Europas f\u00fchrende Forschungseinrichtung im Bereich Textil- und Materialforschung.\" \/>\n<meta name=\"robots\" content=\"index, follow, max-snippet:-1, max-image-preview:large, max-video-preview:-1\" \/>\n<link rel=\"canonical\" href=\"https:\/\/senior-pro.de\/en\/deutsche-institute-fuer-textil-und-faserforschung-denkendorf-ditf\/\" \/>\n<meta property=\"og:locale\" content=\"en_GB\" \/>\n<meta property=\"og:type\" content=\"article\" \/>\n<meta property=\"og:title\" content=\"Deutsche Institute f\u00fcr Textil- und Faserforschung Denkendorf\u00a0 (DITF)\u00a0\u00a0\u00a0\u00a0 - SeniorPRO\" \/>\n<meta property=\"og:description\" content=\"Die DITF Denkendorf \u2013 sind Europas f\u00fchrende Forschungseinrichtung im Bereich Textil- und Materialforschung.\" \/>\n<meta property=\"og:url\" content=\"https:\/\/senior-pro.de\/en\/deutsche-institute-fuer-textil-und-faserforschung-denkendorf-ditf\/\" \/>\n<meta property=\"og:site_name\" content=\"SeniorPRO\" \/>\n<meta property=\"og:image\" content=\"https:\/\/senior-pro.de\/media\/2024\/12\/DEUTSCHE-INSTITUTE-FUeR-TEXTIL-UND-FASERFORSCHUNG-DENKENDORF-DITF-.png\" \/>\n\t<meta property=\"og:image:width\" content=\"1000\" \/>\n\t<meta property=\"og:image:height\" content=\"1000\" \/>\n\t<meta property=\"og:image:type\" content=\"image\/png\" \/>\n<meta name=\"twitter:card\" content=\"summary_large_image\" \/>\n<meta name=\"twitter:label1\" content=\"Estimated reading time\" \/>\n\t<meta name=\"twitter:data1\" content=\"1 minute\" \/>\n<script type=\"application\/ld+json\" class=\"yoast-schema-graph\">{\"@context\":\"https:\/\/schema.org\",\"@graph\":[{\"@type\":\"WebPage\",\"@id\":\"https:\/\/senior-pro.de\/deutsche-institute-fuer-textil-und-faserforschung-denkendorf-ditf\/\",\"url\":\"https:\/\/senior-pro.de\/deutsche-institute-fuer-textil-und-faserforschung-denkendorf-ditf\/\",\"name\":\"Deutsche Institute f\u00fcr Textil- und Faserforschung Denkendorf\u00a0 (DITF)\u00a0\u00a0\u00a0\u00a0 - SeniorPRO\",\"isPartOf\":{\"@id\":\"https:\/\/senior-pro.de\/#website\"},\"primaryImageOfPage\":{\"@id\":\"https:\/\/senior-pro.de\/deutsche-institute-fuer-textil-und-faserforschung-denkendorf-ditf\/#primaryimage\"},\"image\":{\"@id\":\"https:\/\/senior-pro.de\/deutsche-institute-fuer-textil-und-faserforschung-denkendorf-ditf\/#primaryimage\"},\"thumbnailUrl\":\"https:\/\/senior-pro.de\/media\/2024\/12\/DEUTSCHE-INSTITUTE-FUeR-TEXTIL-UND-FASERFORSCHUNG-DENKENDORF-DITF-.png\",\"datePublished\":\"2024-12-03T13:18:13+00:00\",\"dateModified\":\"2024-12-03T13:18:13+00:00\",\"description\":\"Die DITF Denkendorf \u2013 sind Europas f\u00fchrende Forschungseinrichtung im Bereich Textil- und Materialforschung.\",\"breadcrumb\":{\"@id\":\"https:\/\/senior-pro.de\/deutsche-institute-fuer-textil-und-faserforschung-denkendorf-ditf\/#breadcrumb\"},\"inLanguage\":\"en-GB\",\"potentialAction\":[{\"@type\":\"ReadAction\",\"target\":[\"https:\/\/senior-pro.de\/deutsche-institute-fuer-textil-und-faserforschung-denkendorf-ditf\/\"]}]},{\"@type\":\"ImageObject\",\"inLanguage\":\"en-GB\",\"@id\":\"https:\/\/senior-pro.de\/deutsche-institute-fuer-textil-und-faserforschung-denkendorf-ditf\/#primaryimage\",\"url\":\"https:\/\/senior-pro.de\/media\/2024\/12\/DEUTSCHE-INSTITUTE-FUeR-TEXTIL-UND-FASERFORSCHUNG-DENKENDORF-DITF-.png\",\"contentUrl\":\"https:\/\/senior-pro.de\/media\/2024\/12\/DEUTSCHE-INSTITUTE-FUeR-TEXTIL-UND-FASERFORSCHUNG-DENKENDORF-DITF-.png\",\"width\":1000,\"height\":1000},{\"@type\":\"BreadcrumbList\",\"@id\":\"https:\/\/senior-pro.de\/deutsche-institute-fuer-textil-und-faserforschung-denkendorf-ditf\/#breadcrumb\",\"itemListElement\":[{\"@type\":\"ListItem\",\"position\":1,\"name\":\"Startseite\",\"item\":\"https:\/\/senior-pro.de\/\"},{\"@type\":\"ListItem\",\"position\":2,\"name\":\"Deutsche Institute f\u00fcr Textil- und Faserforschung Denkendorf\u00a0 (DITF)\u00a0\u00a0\u00a0\u00a0\"}]},{\"@type\":\"WebSite\",\"@id\":\"https:\/\/senior-pro.de\/#website\",\"url\":\"https:\/\/senior-pro.de\/\",\"name\":\"SeniorPRO\",\"description\":\"Innovationen f\u00fcr ein selbstbestimmtes Leben im Alter\",\"potentialAction\":[{\"@type\":\"SearchAction\",\"target\":{\"@type\":\"EntryPoint\",\"urlTemplate\":\"https:\/\/senior-pro.de\/?s={search_term_string}\"},\"query-input\":\"required name=search_term_string\"}],\"inLanguage\":\"en-GB\"}]}<\/script>\n<!-- \/ Yoast SEO plugin. -->","yoast_head_json":{"title":"Deutsche Institute f\u00fcr Textil- und Faserforschung Denkendorf\u00a0 (DITF)\u00a0\u00a0\u00a0\u00a0 - SeniorPRO","description":"Die DITF Denkendorf \u2013 sind Europas f\u00fchrende Forschungseinrichtung im Bereich Textil- und Materialforschung.","robots":{"index":"index","follow":"follow","max-snippet":"max-snippet:-1","max-image-preview":"max-image-preview:large","max-video-preview":"max-video-preview:-1"},"canonical":"https:\/\/senior-pro.de\/en\/deutsche-institute-fuer-textil-und-faserforschung-denkendorf-ditf\/","og_locale":"en_GB","og_type":"article","og_title":"Deutsche Institute f\u00fcr Textil- und Faserforschung Denkendorf\u00a0 (DITF)\u00a0\u00a0\u00a0\u00a0 - SeniorPRO","og_description":"Die DITF Denkendorf \u2013 sind Europas f\u00fchrende Forschungseinrichtung im Bereich Textil- und Materialforschung.","og_url":"https:\/\/senior-pro.de\/en\/deutsche-institute-fuer-textil-und-faserforschung-denkendorf-ditf\/","og_site_name":"SeniorPRO","og_image":[{"width":1000,"height":1000,"url":"https:\/\/senior-pro.de\/media\/2024\/12\/DEUTSCHE-INSTITUTE-FUeR-TEXTIL-UND-FASERFORSCHUNG-DENKENDORF-DITF-.png","type":"image\/png"}],"twitter_card":"summary_large_image","twitter_misc":{"Estimated reading time":"1 minute"},"schema":{"@context":"https:\/\/schema.org","@graph":[{"@type":"WebPage","@id":"https:\/\/senior-pro.de\/deutsche-institute-fuer-textil-und-faserforschung-denkendorf-ditf\/","url":"https:\/\/senior-pro.de\/deutsche-institute-fuer-textil-und-faserforschung-denkendorf-ditf\/","name":"Deutsche Institute f\u00fcr Textil- und Faserforschung Denkendorf\u00a0 (DITF)\u00a0\u00a0\u00a0\u00a0 - SeniorPRO","isPartOf":{"@id":"https:\/\/senior-pro.de\/#website"},"primaryImageOfPage":{"@id":"https:\/\/senior-pro.de\/deutsche-institute-fuer-textil-und-faserforschung-denkendorf-ditf\/#primaryimage"},"image":{"@id":"https:\/\/senior-pro.de\/deutsche-institute-fuer-textil-und-faserforschung-denkendorf-ditf\/#primaryimage"},"thumbnailUrl":"https:\/\/senior-pro.de\/media\/2024\/12\/DEUTSCHE-INSTITUTE-FUeR-TEXTIL-UND-FASERFORSCHUNG-DENKENDORF-DITF-.png","datePublished":"2024-12-03T13:18:13+00:00","dateModified":"2024-12-03T13:18:13+00:00","description":"Die DITF Denkendorf \u2013 sind Europas f\u00fchrende Forschungseinrichtung im Bereich Textil- und Materialforschung.","breadcrumb":{"@id":"https:\/\/senior-pro.de\/deutsche-institute-fuer-textil-und-faserforschung-denkendorf-ditf\/#breadcrumb"},"inLanguage":"en-GB","potentialAction":[{"@type":"ReadAction","target":["https:\/\/senior-pro.de\/deutsche-institute-fuer-textil-und-faserforschung-denkendorf-ditf\/"]}]},{"@type":"ImageObject","inLanguage":"en-GB","@id":"https:\/\/senior-pro.de\/deutsche-institute-fuer-textil-und-faserforschung-denkendorf-ditf\/#primaryimage","url":"https:\/\/senior-pro.de\/media\/2024\/12\/DEUTSCHE-INSTITUTE-FUeR-TEXTIL-UND-FASERFORSCHUNG-DENKENDORF-DITF-.png","contentUrl":"https:\/\/senior-pro.de\/media\/2024\/12\/DEUTSCHE-INSTITUTE-FUeR-TEXTIL-UND-FASERFORSCHUNG-DENKENDORF-DITF-.png","width":1000,"height":1000},{"@type":"BreadcrumbList","@id":"https:\/\/senior-pro.de\/deutsche-institute-fuer-textil-und-faserforschung-denkendorf-ditf\/#breadcrumb","itemListElement":[{"@type":"ListItem","position":1,"name":"Startseite","item":"https:\/\/senior-pro.de\/"},{"@type":"ListItem","position":2,"name":"Deutsche Institute f\u00fcr Textil- und Faserforschung Denkendorf\u00a0 (DITF)\u00a0\u00a0\u00a0\u00a0"}]},{"@type":"WebSite","@id":"https:\/\/senior-pro.de\/#website","url":"https:\/\/senior-pro.de\/","name":"SeniorPRO","description":"Innovationen f\u00fcr ein selbstbestimmtes Leben im Alter","potentialAction":[{"@type":"SearchAction","target":{"@type":"EntryPoint","urlTemplate":"https:\/\/senior-pro.de\/?s={search_term_string}"},"query-input":"required name=search_term_string"}],"inLanguage":"en-GB"}]}},"_links":{"self":[{"href":"https:\/\/senior-pro.de\/en\/wp-json\/wp\/v2\/pages\/23944796"}],"collection":[{"href":"https:\/\/senior-pro.de\/en\/wp-json\/wp\/v2\/pages"}],"about":[{"href":"https:\/\/senior-pro.de\/en\/wp-json\/wp\/v2\/types\/page"}],"author":[{"embeddable":true,"href":"https:\/\/senior-pro.de\/en\/wp-json\/wp\/v2\/users\/5"}],"replies":[{"embeddable":true,"href":"https:\/\/senior-pro.de\/en\/wp-json\/wp\/v2\/comments?post=23944796"}],"version-history":[{"count":2,"href":"https:\/\/senior-pro.de\/en\/wp-json\/wp\/v2\/pages\/23944796\/revisions"}],"predecessor-version":[{"id":23944800,"href":"https:\/\/senior-pro.de\/en\/wp-json\/wp\/v2\/pages\/23944796\/revisions\/23944800"}],"wp:featuredmedia":[{"embeddable":true,"href":"https:\/\/senior-pro.de\/en\/wp-json\/wp\/v2\/media\/23944797"}],"wp:attachment":[{"href":"https:\/\/senior-pro.de\/en\/wp-json\/wp\/v2\/media?parent=23944796"}],"wp:term":[{"taxonomy":"dipi_cpt_category","embeddable":true,"href":"https:\/\/senior-pro.de\/en\/wp-json\/wp\/v2\/dipi_cpt_category?post=23944796"}],"curies":[{"name":"wp","href":"https:\/\/api.w.org\/{rel}","templated":true}]}}