{"id":23944811,"date":"2024-12-03T13:31:55","date_gmt":"2024-12-03T13:31:55","guid":{"rendered":"https:\/\/senior-pro.de\/?page_id=23944811"},"modified":"2024-12-03T13:31:56","modified_gmt":"2024-12-03T13:31:56","slug":"carefact-kg","status":"publish","type":"page","link":"https:\/\/senior-pro.de\/en\/carefact-kg\/","title":{"rendered":"CareFact KG"},"content":{"rendered":"<p>[et_pb_section fb_built=&#8221;1&#8243; _builder_version=&#8221;4.16&#8243; global_colors_info=&#8221;{}&#8221;][et_pb_row column_structure=&#8221;1_2,1_2&#8243; _builder_version=&#8221;4.16&#8243; global_colors_info=&#8221;{}&#8221;][et_pb_column type=&#8221;1_2&#8243; _builder_version=&#8221;4.16&#8243; global_colors_info=&#8221;{}&#8221;][et_pb_text _builder_version=&#8221;4.25.2&#8243; text_font=&#8221;Mukta Malar|700|||||||&#8221; text_font_size=&#8221;25px&#8221; header_3_font=&#8221;Mukta Malar|700|||||||&#8221; header_3_text_color=&#8221;#000000&#8243; header_3_font_size=&#8221;29px&#8221; custom_margin=&#8221;7px||||false|false&#8221; global_colors_info=&#8221;{}&#8221;]<\/p>\n<h3>CareFact KG<\/h3>\n<p>[\/et_pb_text][et_pb_divider color=&#8221;#0093a7&#8243; divider_weight=&#8221;2px&#8221; _builder_version=&#8221;4.21.0&#8243; global_colors_info=&#8221;{}&#8221;][\/et_pb_divider][\/et_pb_column][et_pb_column type=&#8221;1_2&#8243; _builder_version=&#8221;4.16&#8243; global_colors_info=&#8221;{}&#8221;][et_pb_button button_url=&#8221;https:\/\/senior-pro.de\/&#8221; button_text=&#8221;ZUR\u00dcCK&#8221; button_alignment=&#8221;right&#8221; _builder_version=&#8221;4.21.0&#8243; custom_button=&#8221;on&#8221; button_text_size=&#8221;15px&#8221; button_text_color=&#8221;#ffffff&#8221; button_bg_color=&#8221;#0093a7&#8243; button_border_color=&#8221;#0093a7&#8243; button_border_radius=&#8221;0px&#8221; button_font=&#8221;|600|||||||&#8221; button_use_icon=&#8221;off&#8221; custom_margin=&#8221;-2px||||false|false&#8221; custom_padding=&#8221;14px|37px|14px|37px|true|true&#8221; locked=&#8221;off&#8221; global_colors_info=&#8221;{}&#8221; button_text_color__hover_enabled=&#8221;on|hover&#8221; button_text_color__hover=&#8221;#ffffff&#8221; button_bg_color__hover_enabled=&#8221;on|hover&#8221; button_bg_color__hover=&#8221;#0093a7&#8243; button_bg_enable_color__hover=&#8221;on&#8221; button_border_color__hover_enabled=&#8221;on|hover&#8221; button_border_color__hover=&#8221;#0093a7&#8243; button_letter_spacing__hover_enabled=&#8221;on|hover&#8221; button_letter_spacing__hover=&#8221;2px&#8221;][\/et_pb_button][\/et_pb_column][\/et_pb_row][et_pb_row column_structure=&#8221;3_5,2_5&#8243; _builder_version=&#8221;4.16&#8243; custom_margin=&#8221;0px|auto||auto||&#8221; custom_padding=&#8221;4px||10px|||&#8221; locked=&#8221;off&#8221; global_colors_info=&#8221;{}&#8221;][et_pb_column type=&#8221;3_5&#8243; _builder_version=&#8221;4.16&#8243; global_colors_info=&#8221;{}&#8221;][et_pb_text _builder_version=&#8221;4.25.2&#8243; text_font_size=&#8221;16px&#8221; hover_enabled=&#8221;0&#8243; global_colors_info=&#8221;{}&#8221; sticky_enabled=&#8221;0&#8243;]<\/p>\n<p>The still young company based in Vienna has set itself the task of using innovative AI approaches and interaction concepts to improve the quality of life of older people and support a self-determined life. The product \u2018Paul\u2019 was developed in-house.  It is an interactive \u2018teddy bear\u2019. The functionalisation is geared towards entertainment, translation services and support in everyday life. This includes, for example, reminders to take medication.<\/p>\n<p><span><strong>Core competences for the network: AI-supported interaction concepts<\/strong><\/span><\/p>\n<p>[\/et_pb_text][\/et_pb_column][et_pb_column type=&#8221;2_5&#8243; _builder_version=&#8221;4.16&#8243; custom_padding=&#8221;30px|30px|30px|30px|true|false&#8221; box_shadow_style=&#8221;preset1&#8243; global_colors_info=&#8221;{}&#8221;][et_pb_image src=&#8221;https:\/\/senior-pro.de\/media\/2024\/12\/CAREFACT-KG.png&#8221; title_text=&#8221;CAREFACT KG&#8221; _builder_version=&#8221;4.25.2&#8243; custom_margin=&#8221;-7px|||||&#8221; custom_padding=&#8221;|||15px||&#8221; global_colors_info=&#8221;{}&#8221;][\/et_pb_image][\/et_pb_column][\/et_pb_row][et_pb_row _builder_version=&#8221;4.16&#8243; global_colors_info=&#8221;{}&#8221;][et_pb_column type=&#8221;4_4&#8243; _builder_version=&#8221;4.16&#8243; global_colors_info=&#8221;{}&#8221;][\/et_pb_column][\/et_pb_row][\/et_pb_section]<\/p>","protected":false},"excerpt":{"rendered":"<p>CareFact KGDas noch junge Unternehmen mit Sitz in Wien hat sich zur Aufgabe gemacht, durch innovative KI-Ans\u00e4tze und Interaktionskonzepte die Lebensqualit\u00e4t \u00e4lterer Menschen zu erh\u00f6hen und ein selbstbestimmtes Leben zu unterst\u00fctzen. In Eigenentwicklung entstanden ist das Produkt \u201ePaul\u201c.\u00a0 Es handelt sich um eine interaktionsf\u00e4higen \u201eTeddyb\u00e4ren\u201c. Die Funktionalisierung ist auf die Unterhaltung, \u00dcbersetzungsdienste und die Unterst\u00fctzung [&hellip;]<\/p>","protected":false},"author":5,"featured_media":23944812,"parent":0,"menu_order":0,"comment_status":"closed","ping_status":"closed","template":"","meta":{"_et_pb_use_builder":"on","_et_pb_old_content":"","_et_gb_content_width":"","footnotes":""},"dipi_cpt_category":[],"yoast_head":"<!-- This site is optimized with the Yoast SEO plugin v22.9 - https:\/\/yoast.com\/wordpress\/plugins\/seo\/ -->\n<title>CareFact KG - SeniorPRO<\/title>\n<meta name=\"description\" content=\"Das Unternehmen hat sich zur Aufgabe gemacht, durch innovative KI-Ans\u00e4tze und Interaktionskonzepte die Lebensqualit\u00e4t \u00e4lterer Menschen zu erh\u00f6hen.\" \/>\n<meta name=\"robots\" content=\"index, follow, max-snippet:-1, max-image-preview:large, max-video-preview:-1\" \/>\n<link rel=\"canonical\" href=\"https:\/\/senior-pro.de\/en\/carefact-kg\/\" \/>\n<meta property=\"og:locale\" content=\"en_GB\" \/>\n<meta property=\"og:type\" content=\"article\" \/>\n<meta property=\"og:title\" content=\"CareFact KG - SeniorPRO\" \/>\n<meta property=\"og:description\" content=\"Das Unternehmen hat sich zur Aufgabe gemacht, durch innovative KI-Ans\u00e4tze und Interaktionskonzepte die Lebensqualit\u00e4t \u00e4lterer Menschen zu erh\u00f6hen.\" \/>\n<meta property=\"og:url\" content=\"https:\/\/senior-pro.de\/en\/carefact-kg\/\" \/>\n<meta property=\"og:site_name\" content=\"SeniorPRO\" \/>\n<meta property=\"article:modified_time\" content=\"2024-12-03T13:31:56+00:00\" \/>\n<meta property=\"og:image\" content=\"https:\/\/senior-pro.de\/media\/2024\/12\/CAREFACT-KG.png\" \/>\n\t<meta property=\"og:image:width\" content=\"1000\" \/>\n\t<meta property=\"og:image:height\" content=\"1000\" \/>\n\t<meta property=\"og:image:type\" content=\"image\/png\" \/>\n<meta name=\"twitter:card\" content=\"summary_large_image\" \/>\n<meta name=\"twitter:label1\" content=\"Estimated reading time\" \/>\n\t<meta name=\"twitter:data1\" content=\"1 minute\" \/>\n<script type=\"application\/ld+json\" class=\"yoast-schema-graph\">{\"@context\":\"https:\/\/schema.org\",\"@graph\":[{\"@type\":\"WebPage\",\"@id\":\"https:\/\/senior-pro.de\/carefact-kg\/\",\"url\":\"https:\/\/senior-pro.de\/carefact-kg\/\",\"name\":\"CareFact KG - SeniorPRO\",\"isPartOf\":{\"@id\":\"https:\/\/senior-pro.de\/#website\"},\"primaryImageOfPage\":{\"@id\":\"https:\/\/senior-pro.de\/carefact-kg\/#primaryimage\"},\"image\":{\"@id\":\"https:\/\/senior-pro.de\/carefact-kg\/#primaryimage\"},\"thumbnailUrl\":\"https:\/\/senior-pro.de\/media\/2024\/12\/CAREFACT-KG.png\",\"datePublished\":\"2024-12-03T13:31:55+00:00\",\"dateModified\":\"2024-12-03T13:31:56+00:00\",\"description\":\"Das Unternehmen hat sich zur Aufgabe gemacht, durch innovative KI-Ans\u00e4tze und Interaktionskonzepte die Lebensqualit\u00e4t \u00e4lterer Menschen zu erh\u00f6hen.\",\"breadcrumb\":{\"@id\":\"https:\/\/senior-pro.de\/carefact-kg\/#breadcrumb\"},\"inLanguage\":\"en-GB\",\"potentialAction\":[{\"@type\":\"ReadAction\",\"target\":[\"https:\/\/senior-pro.de\/carefact-kg\/\"]}]},{\"@type\":\"ImageObject\",\"inLanguage\":\"en-GB\",\"@id\":\"https:\/\/senior-pro.de\/carefact-kg\/#primaryimage\",\"url\":\"https:\/\/senior-pro.de\/media\/2024\/12\/CAREFACT-KG.png\",\"contentUrl\":\"https:\/\/senior-pro.de\/media\/2024\/12\/CAREFACT-KG.png\",\"width\":1000,\"height\":1000},{\"@type\":\"BreadcrumbList\",\"@id\":\"https:\/\/senior-pro.de\/carefact-kg\/#breadcrumb\",\"itemListElement\":[{\"@type\":\"ListItem\",\"position\":1,\"name\":\"Startseite\",\"item\":\"https:\/\/senior-pro.de\/\"},{\"@type\":\"ListItem\",\"position\":2,\"name\":\"CareFact KG\"}]},{\"@type\":\"WebSite\",\"@id\":\"https:\/\/senior-pro.de\/#website\",\"url\":\"https:\/\/senior-pro.de\/\",\"name\":\"SeniorPRO\",\"description\":\"Innovationen f\u00fcr ein selbstbestimmtes Leben im Alter\",\"potentialAction\":[{\"@type\":\"SearchAction\",\"target\":{\"@type\":\"EntryPoint\",\"urlTemplate\":\"https:\/\/senior-pro.de\/?s={search_term_string}\"},\"query-input\":\"required name=search_term_string\"}],\"inLanguage\":\"en-GB\"}]}<\/script>\n<!-- \/ Yoast SEO plugin. -->","yoast_head_json":{"title":"CareFact KG - SeniorPRO","description":"Das Unternehmen hat sich zur Aufgabe gemacht, durch innovative KI-Ans\u00e4tze und Interaktionskonzepte die Lebensqualit\u00e4t \u00e4lterer Menschen zu erh\u00f6hen.","robots":{"index":"index","follow":"follow","max-snippet":"max-snippet:-1","max-image-preview":"max-image-preview:large","max-video-preview":"max-video-preview:-1"},"canonical":"https:\/\/senior-pro.de\/en\/carefact-kg\/","og_locale":"en_GB","og_type":"article","og_title":"CareFact KG - SeniorPRO","og_description":"Das Unternehmen hat sich zur Aufgabe gemacht, durch innovative KI-Ans\u00e4tze und Interaktionskonzepte die Lebensqualit\u00e4t \u00e4lterer Menschen zu erh\u00f6hen.","og_url":"https:\/\/senior-pro.de\/en\/carefact-kg\/","og_site_name":"SeniorPRO","article_modified_time":"2024-12-03T13:31:56+00:00","og_image":[{"width":1000,"height":1000,"url":"https:\/\/senior-pro.de\/media\/2024\/12\/CAREFACT-KG.png","type":"image\/png"}],"twitter_card":"summary_large_image","twitter_misc":{"Estimated reading time":"1 minute"},"schema":{"@context":"https:\/\/schema.org","@graph":[{"@type":"WebPage","@id":"https:\/\/senior-pro.de\/carefact-kg\/","url":"https:\/\/senior-pro.de\/carefact-kg\/","name":"CareFact KG - SeniorPRO","isPartOf":{"@id":"https:\/\/senior-pro.de\/#website"},"primaryImageOfPage":{"@id":"https:\/\/senior-pro.de\/carefact-kg\/#primaryimage"},"image":{"@id":"https:\/\/senior-pro.de\/carefact-kg\/#primaryimage"},"thumbnailUrl":"https:\/\/senior-pro.de\/media\/2024\/12\/CAREFACT-KG.png","datePublished":"2024-12-03T13:31:55+00:00","dateModified":"2024-12-03T13:31:56+00:00","description":"Das Unternehmen hat sich zur Aufgabe gemacht, durch innovative KI-Ans\u00e4tze und Interaktionskonzepte die Lebensqualit\u00e4t \u00e4lterer Menschen zu erh\u00f6hen.","breadcrumb":{"@id":"https:\/\/senior-pro.de\/carefact-kg\/#breadcrumb"},"inLanguage":"en-GB","potentialAction":[{"@type":"ReadAction","target":["https:\/\/senior-pro.de\/carefact-kg\/"]}]},{"@type":"ImageObject","inLanguage":"en-GB","@id":"https:\/\/senior-pro.de\/carefact-kg\/#primaryimage","url":"https:\/\/senior-pro.de\/media\/2024\/12\/CAREFACT-KG.png","contentUrl":"https:\/\/senior-pro.de\/media\/2024\/12\/CAREFACT-KG.png","width":1000,"height":1000},{"@type":"BreadcrumbList","@id":"https:\/\/senior-pro.de\/carefact-kg\/#breadcrumb","itemListElement":[{"@type":"ListItem","position":1,"name":"Startseite","item":"https:\/\/senior-pro.de\/"},{"@type":"ListItem","position":2,"name":"CareFact KG"}]},{"@type":"WebSite","@id":"https:\/\/senior-pro.de\/#website","url":"https:\/\/senior-pro.de\/","name":"SeniorPRO","description":"Innovationen f\u00fcr ein selbstbestimmtes Leben im Alter","potentialAction":[{"@type":"SearchAction","target":{"@type":"EntryPoint","urlTemplate":"https:\/\/senior-pro.de\/?s={search_term_string}"},"query-input":"required name=search_term_string"}],"inLanguage":"en-GB"}]}},"_links":{"self":[{"href":"https:\/\/senior-pro.de\/en\/wp-json\/wp\/v2\/pages\/23944811"}],"collection":[{"href":"https:\/\/senior-pro.de\/en\/wp-json\/wp\/v2\/pages"}],"about":[{"href":"https:\/\/senior-pro.de\/en\/wp-json\/wp\/v2\/types\/page"}],"author":[{"embeddable":true,"href":"https:\/\/senior-pro.de\/en\/wp-json\/wp\/v2\/users\/5"}],"replies":[{"embeddable":true,"href":"https:\/\/senior-pro.de\/en\/wp-json\/wp\/v2\/comments?post=23944811"}],"version-history":[{"count":2,"href":"https:\/\/senior-pro.de\/en\/wp-json\/wp\/v2\/pages\/23944811\/revisions"}],"predecessor-version":[{"id":23944814,"href":"https:\/\/senior-pro.de\/en\/wp-json\/wp\/v2\/pages\/23944811\/revisions\/23944814"}],"wp:featuredmedia":[{"embeddable":true,"href":"https:\/\/senior-pro.de\/en\/wp-json\/wp\/v2\/media\/23944812"}],"wp:attachment":[{"href":"https:\/\/senior-pro.de\/en\/wp-json\/wp\/v2\/media?parent=23944811"}],"wp:term":[{"taxonomy":"dipi_cpt_category","embeddable":true,"href":"https:\/\/senior-pro.de\/en\/wp-json\/wp\/v2\/dipi_cpt_category?post=23944811"}],"curies":[{"name":"wp","href":"https:\/\/api.w.org\/{rel}","templated":true}]}}