{"id":23944879,"date":"2025-04-14T10:39:36","date_gmt":"2025-04-14T10:39:36","guid":{"rendered":"https:\/\/senior-pro.de\/?page_id=23944879"},"modified":"2025-04-14T10:45:50","modified_gmt":"2025-04-14T10:45:50","slug":"klinik-im-leben-gmbh-2","status":"publish","type":"page","link":"https:\/\/senior-pro.de\/en\/klinik-im-leben-gmbh-2\/","title":{"rendered":"Klinik im LEBEN GmbH"},"content":{"rendered":"<p>[et_pb_section fb_built=&#8221;1&#8243; _builder_version=&#8221;4.16&#8243; global_colors_info=&#8221;{}&#8221;][et_pb_row column_structure=&#8221;1_2,1_2&#8243; _builder_version=&#8221;4.16&#8243; global_colors_info=&#8221;{}&#8221;][et_pb_column type=&#8221;1_2&#8243; _builder_version=&#8221;4.16&#8243; global_colors_info=&#8221;{}&#8221;][et_pb_text _builder_version=&#8221;4.25.2&#8243; text_font=&#8221;Mukta Malar|700|||||||&#8221; text_font_size=&#8221;25px&#8221; header_3_font=&#8221;Mukta Malar|700|||||||&#8221; header_3_text_color=&#8221;#000000&#8243; header_3_font_size=&#8221;29px&#8221; custom_margin=&#8221;7px||||false|false&#8221; hover_enabled=&#8221;0&#8243; global_colors_info=&#8221;{}&#8221; sticky_enabled=&#8221;0&#8243;]<\/p>\n<h3>Klinik im LEBEN GmbH<\/h3>\n<p>[\/et_pb_text][et_pb_divider color=&#8221;#0093a7&#8243; divider_weight=&#8221;2px&#8221; _builder_version=&#8221;4.21.0&#8243; global_colors_info=&#8221;{}&#8221;][\/et_pb_divider][\/et_pb_column][et_pb_column type=&#8221;1_2&#8243; _builder_version=&#8221;4.16&#8243; global_colors_info=&#8221;{}&#8221;][et_pb_button button_url=&#8221;https:\/\/senior-pro.de\/&#8221; button_text=&#8221;ZUR\u00dcCK&#8221; button_alignment=&#8221;right&#8221; _builder_version=&#8221;4.21.0&#8243; custom_button=&#8221;on&#8221; button_text_size=&#8221;15px&#8221; button_text_color=&#8221;#ffffff&#8221; button_bg_color=&#8221;#0093a7&#8243; button_border_color=&#8221;#0093a7&#8243; button_border_radius=&#8221;0px&#8221; button_font=&#8221;|600|||||||&#8221; button_use_icon=&#8221;off&#8221; custom_margin=&#8221;-2px||||false|false&#8221; custom_padding=&#8221;14px|37px|14px|37px|true|true&#8221; locked=&#8221;off&#8221; global_colors_info=&#8221;{}&#8221; button_text_color__hover_enabled=&#8221;on|hover&#8221; button_text_color__hover=&#8221;#ffffff&#8221; button_bg_color__hover_enabled=&#8221;on|hover&#8221; button_bg_color__hover=&#8221;#0093a7&#8243; button_bg_enable_color__hover=&#8221;on&#8221; button_border_color__hover_enabled=&#8221;on|hover&#8221; button_border_color__hover=&#8221;#0093a7&#8243; button_letter_spacing__hover_enabled=&#8221;on|hover&#8221; button_letter_spacing__hover=&#8221;2px&#8221;][\/et_pb_button][\/et_pb_column][\/et_pb_row][et_pb_row column_structure=&#8221;3_5,2_5&#8243; _builder_version=&#8221;4.16&#8243; custom_margin=&#8221;0px|auto||auto||&#8221; custom_padding=&#8221;4px||10px|||&#8221; locked=&#8221;off&#8221; global_colors_info=&#8221;{}&#8221;][et_pb_column type=&#8221;3_5&#8243; _builder_version=&#8221;4.16&#8243; global_colors_info=&#8221;{}&#8221;][et_pb_text _builder_version=&#8221;4.25.2&#8243; text_font_size=&#8221;16px&#8221; hover_enabled=&#8221;0&#8243; global_colors_info=&#8221;{}&#8221; sticky_enabled=&#8221;0&#8243;]<\/p>\n<p>Die Klinik im LEBEN GmbH in Greiz ist seit \u00fcber 30 Jahren eine f\u00fchrende Einrichtung f\u00fcr Integrative Naturgem\u00e4\u00dfe Medizin. Sie kombiniert traditionelle Naturheilkunde mit modernen wissenschaftlichen Methoden und verfolgt einen ganzheitlichen Therapieansatz, der k\u00f6rperliche, seelische und geistige Aspekte gleicherma\u00dfen ber\u00fccksichtigt.<\/p>\n<p>Das Leistungsspektrum umfasst unter anderem biologische Krebsmedizin, spezielle Schmerztherapien, Hyperthermie- und Fiebertherapie sowie Entgiftungs- und Ausleitungsverfahren. Zudem bietet die Klinik naturheilkundliche Verfahren wie Hom\u00f6opathie und Spagyrik sowie Methoden der Informationsmedizin und des Coachings an.<\/p>\n<p>Ein besonderer Fokus liegt auf der individuellen Betreuung der Patienten in einer ruhigen Umgebung in der historischen Park- und Schlossstadt Greiz. Ziel ist es, durch eine ganzheitliche Betrachtung und Therapie die Gesundheit und Lebensqualit\u00e4t nachhaltig zu verbessern.<\/p>\n<p><span><strong>Kernkompetenzen f\u00fcr das Netzwerk: <\/strong><\/span><span><strong>Ganzheitliche Gesundheitsf\u00f6rderung f\u00fcr Senioren \/ Schmerztherapie und Mobilit\u00e4tserhalt<\/strong><\/span><\/p>\n<p>[\/et_pb_text][\/et_pb_column][et_pb_column type=&#8221;2_5&#8243; _builder_version=&#8221;4.16&#8243; custom_padding=&#8221;30px|30px|30px|30px|true|false&#8221; box_shadow_style=&#8221;preset1&#8243; global_colors_info=&#8221;{}&#8221;][et_pb_image src=&#8221;https:\/\/senior-pro.de\/media\/2025\/04\/Klinik-im-LEBEN-GmbH-.png&#8221; title_text=&#8221;Klinik im LEBEN GmbH&#8221; _builder_version=&#8221;4.25.2&#8243; custom_margin=&#8221;-7px|||||&#8221; custom_padding=&#8221;|||15px||&#8221; hover_enabled=&#8221;0&#8243; global_colors_info=&#8221;{}&#8221; sticky_enabled=&#8221;0&#8243;][\/et_pb_image][et_pb_blurb url=&#8221;https:\/\/www.medit.hia.rwth-aachen.de\/&#8221; use_icon=&#8221;on&#8221; font_icon=&#8221;&#xe0e3;||divi||400&#8243; icon_color=&#8221;#0093a7&#8243; icon_placement=&#8221;left&#8221; image_icon_width=&#8221;25px&#8221; _builder_version=&#8221;4.25.2&#8243; body_font=&#8221;|600|||||||&#8221; body_font_size=&#8221;19px&#8221; body_link_font=&#8221;|600|||||||&#8221; body_link_text_color=&#8221;#0093a7&#8243; body_link_font_size=&#8221;18px&#8221; body_link_line_height=&#8221;1.5em&#8221; custom_margin=&#8221;||56px|50px|false|false&#8221; link_option_url=&#8221;https:\/\/www.medit.hia.rwth-aachen.de\/&#8221; hover_enabled=&#8221;0&#8243; icon_font_size=&#8221;25px&#8221; global_colors_info=&#8221;{}&#8221; body_link_letter_spacing__hover_enabled=&#8221;on|hover&#8221; body_link_letter_spacing__hover=&#8221;2px&#8221; sticky_enabled=&#8221;0&#8243;]<\/p>\n<p><a href=\"https:\/\/www.klinik-imleben.de\/\">Website besuchen<\/a><\/p>\n<p>[\/et_pb_blurb][\/et_pb_column][\/et_pb_row][et_pb_row _builder_version=&#8221;4.16&#8243; global_colors_info=&#8221;{}&#8221;][et_pb_column type=&#8221;4_4&#8243; _builder_version=&#8221;4.16&#8243; global_colors_info=&#8221;{}&#8221;][\/et_pb_column][\/et_pb_row][\/et_pb_section]<\/p>\n","protected":false},"excerpt":{"rendered":"<p>Klinik im LEBEN GmbHDie Klinik im LEBEN GmbH in Greiz ist seit \u00fcber 30 Jahren eine f\u00fchrende Einrichtung f\u00fcr Integrative Naturgem\u00e4\u00dfe Medizin. Sie kombiniert traditionelle Naturheilkunde mit modernen wissenschaftlichen Methoden und verfolgt einen ganzheitlichen Therapieansatz, der k\u00f6rperliche, seelische und geistige Aspekte gleicherma\u00dfen ber\u00fccksichtigt. Das Leistungsspektrum umfasst unter anderem biologische Krebsmedizin, spezielle Schmerztherapien, Hyperthermie- und Fiebertherapie [&hellip;]<\/p>\n","protected":false},"author":5,"featured_media":23944871,"parent":0,"menu_order":0,"comment_status":"closed","ping_status":"closed","template":"","meta":{"_et_pb_use_builder":"on","_et_pb_old_content":"","_et_gb_content_width":"","footnotes":""},"dipi_cpt_category":[],"class_list":["post-23944879","page","type-page","status-publish","has-post-thumbnail","hentry"],"yoast_head":"<!-- This site is optimized with the Yoast SEO plugin v27.4 - https:\/\/yoast.com\/product\/yoast-seo-wordpress\/ -->\n<title>Klinik im LEBEN GmbH - SeniorPRO<\/title>\n<meta name=\"description\" content=\"Die Klinik im LEBEN GmbH in Greiz ist seit \u00fcber 30 Jahren eine f\u00fchrende Einrichtung f\u00fcr Integrative Naturgem\u00e4\u00dfe Medizin.\" \/>\n<meta name=\"robots\" content=\"index, follow, max-snippet:-1, max-image-preview:large, max-video-preview:-1\" \/>\n<link rel=\"canonical\" href=\"https:\/\/senior-pro.de\/en\/klinik-im-leben-gmbh-2\/\" \/>\n<meta property=\"og:locale\" content=\"en_GB\" \/>\n<meta property=\"og:type\" content=\"article\" \/>\n<meta property=\"og:title\" content=\"Klinik im LEBEN GmbH - SeniorPRO\" \/>\n<meta property=\"og:description\" content=\"Die Klinik im LEBEN GmbH in Greiz ist seit \u00fcber 30 Jahren eine f\u00fchrende Einrichtung f\u00fcr Integrative Naturgem\u00e4\u00dfe Medizin.\" \/>\n<meta property=\"og:url\" content=\"https:\/\/senior-pro.de\/en\/klinik-im-leben-gmbh-2\/\" \/>\n<meta property=\"og:site_name\" content=\"SeniorPRO\" \/>\n<meta property=\"article:modified_time\" content=\"2025-04-14T10:45:50+00:00\" \/>\n<meta property=\"og:image\" content=\"https:\/\/senior-pro.de\/media\/2025\/04\/Klinik-im-LEBEN-GmbH-.png\" \/>\n\t<meta property=\"og:image:width\" content=\"1000\" \/>\n\t<meta property=\"og:image:height\" content=\"1000\" \/>\n\t<meta property=\"og:image:type\" content=\"image\/png\" \/>\n<meta name=\"twitter:card\" content=\"summary_large_image\" \/>\n<meta name=\"twitter:label1\" content=\"Estimated reading time\" \/>\n\t<meta name=\"twitter:data1\" content=\"2 minutes\" \/>\n<script type=\"application\/ld+json\" class=\"yoast-schema-graph\">{\"@context\":\"https:\\\/\\\/schema.org\",\"@graph\":[{\"@type\":\"WebPage\",\"@id\":\"https:\\\/\\\/senior-pro.de\\\/klinik-im-leben-gmbh-2\\\/\",\"url\":\"https:\\\/\\\/senior-pro.de\\\/klinik-im-leben-gmbh-2\\\/\",\"name\":\"Klinik im LEBEN GmbH - SeniorPRO\",\"isPartOf\":{\"@id\":\"https:\\\/\\\/senior-pro.de\\\/#website\"},\"primaryImageOfPage\":{\"@id\":\"https:\\\/\\\/senior-pro.de\\\/klinik-im-leben-gmbh-2\\\/#primaryimage\"},\"image\":{\"@id\":\"https:\\\/\\\/senior-pro.de\\\/klinik-im-leben-gmbh-2\\\/#primaryimage\"},\"thumbnailUrl\":\"https:\\\/\\\/senior-pro.de\\\/wp-content\\\/uploads\\\/2025\\\/04\\\/Klinik-im-LEBEN-GmbH-.png\",\"datePublished\":\"2025-04-14T10:39:36+00:00\",\"dateModified\":\"2025-04-14T10:45:50+00:00\",\"description\":\"Die Klinik im LEBEN GmbH in Greiz ist seit \u00fcber 30 Jahren eine f\u00fchrende Einrichtung f\u00fcr Integrative Naturgem\u00e4\u00dfe Medizin.\",\"breadcrumb\":{\"@id\":\"https:\\\/\\\/senior-pro.de\\\/klinik-im-leben-gmbh-2\\\/#breadcrumb\"},\"inLanguage\":\"en-GB\",\"potentialAction\":[{\"@type\":\"ReadAction\",\"target\":[\"https:\\\/\\\/senior-pro.de\\\/klinik-im-leben-gmbh-2\\\/\"]}]},{\"@type\":\"ImageObject\",\"inLanguage\":\"en-GB\",\"@id\":\"https:\\\/\\\/senior-pro.de\\\/klinik-im-leben-gmbh-2\\\/#primaryimage\",\"url\":\"https:\\\/\\\/senior-pro.de\\\/wp-content\\\/uploads\\\/2025\\\/04\\\/Klinik-im-LEBEN-GmbH-.png\",\"contentUrl\":\"https:\\\/\\\/senior-pro.de\\\/wp-content\\\/uploads\\\/2025\\\/04\\\/Klinik-im-LEBEN-GmbH-.png\",\"width\":1000,\"height\":1000},{\"@type\":\"BreadcrumbList\",\"@id\":\"https:\\\/\\\/senior-pro.de\\\/klinik-im-leben-gmbh-2\\\/#breadcrumb\",\"itemListElement\":[{\"@type\":\"ListItem\",\"position\":1,\"name\":\"Startseite\",\"item\":\"https:\\\/\\\/senior-pro.de\\\/\"},{\"@type\":\"ListItem\",\"position\":2,\"name\":\"Klinik im LEBEN GmbH\"}]},{\"@type\":\"WebSite\",\"@id\":\"https:\\\/\\\/senior-pro.de\\\/#website\",\"url\":\"https:\\\/\\\/senior-pro.de\\\/\",\"name\":\"SeniorPRO\",\"description\":\"Innovationen f\u00fcr ein selbstbestimmtes Leben im Alter\",\"potentialAction\":[{\"@type\":\"SearchAction\",\"target\":{\"@type\":\"EntryPoint\",\"urlTemplate\":\"https:\\\/\\\/senior-pro.de\\\/?s={search_term_string}\"},\"query-input\":{\"@type\":\"PropertyValueSpecification\",\"valueRequired\":true,\"valueName\":\"search_term_string\"}}],\"inLanguage\":\"en-GB\"}]}<\/script>\n<!-- \/ Yoast SEO plugin. -->","yoast_head_json":{"title":"Klinik im LEBEN GmbH - SeniorPRO","description":"Die Klinik im LEBEN GmbH in Greiz ist seit \u00fcber 30 Jahren eine f\u00fchrende Einrichtung f\u00fcr Integrative Naturgem\u00e4\u00dfe Medizin.","robots":{"index":"index","follow":"follow","max-snippet":"max-snippet:-1","max-image-preview":"max-image-preview:large","max-video-preview":"max-video-preview:-1"},"canonical":"https:\/\/senior-pro.de\/en\/klinik-im-leben-gmbh-2\/","og_locale":"en_GB","og_type":"article","og_title":"Klinik im LEBEN GmbH - SeniorPRO","og_description":"Die Klinik im LEBEN GmbH in Greiz ist seit \u00fcber 30 Jahren eine f\u00fchrende Einrichtung f\u00fcr Integrative Naturgem\u00e4\u00dfe Medizin.","og_url":"https:\/\/senior-pro.de\/en\/klinik-im-leben-gmbh-2\/","og_site_name":"SeniorPRO","article_modified_time":"2025-04-14T10:45:50+00:00","og_image":[{"width":1000,"height":1000,"url":"https:\/\/senior-pro.de\/media\/2025\/04\/Klinik-im-LEBEN-GmbH-.png","type":"image\/png"}],"twitter_card":"summary_large_image","twitter_misc":{"Estimated reading time":"2 minutes"},"schema":{"@context":"https:\/\/schema.org","@graph":[{"@type":"WebPage","@id":"https:\/\/senior-pro.de\/klinik-im-leben-gmbh-2\/","url":"https:\/\/senior-pro.de\/klinik-im-leben-gmbh-2\/","name":"Klinik im LEBEN GmbH - SeniorPRO","isPartOf":{"@id":"https:\/\/senior-pro.de\/#website"},"primaryImageOfPage":{"@id":"https:\/\/senior-pro.de\/klinik-im-leben-gmbh-2\/#primaryimage"},"image":{"@id":"https:\/\/senior-pro.de\/klinik-im-leben-gmbh-2\/#primaryimage"},"thumbnailUrl":"https:\/\/senior-pro.de\/media\/2025\/04\/Klinik-im-LEBEN-GmbH-.png","datePublished":"2025-04-14T10:39:36+00:00","dateModified":"2025-04-14T10:45:50+00:00","description":"Die Klinik im LEBEN GmbH in Greiz ist seit \u00fcber 30 Jahren eine f\u00fchrende Einrichtung f\u00fcr Integrative Naturgem\u00e4\u00dfe Medizin.","breadcrumb":{"@id":"https:\/\/senior-pro.de\/klinik-im-leben-gmbh-2\/#breadcrumb"},"inLanguage":"en-GB","potentialAction":[{"@type":"ReadAction","target":["https:\/\/senior-pro.de\/klinik-im-leben-gmbh-2\/"]}]},{"@type":"ImageObject","inLanguage":"en-GB","@id":"https:\/\/senior-pro.de\/klinik-im-leben-gmbh-2\/#primaryimage","url":"https:\/\/senior-pro.de\/media\/2025\/04\/Klinik-im-LEBEN-GmbH-.png","contentUrl":"https:\/\/senior-pro.de\/media\/2025\/04\/Klinik-im-LEBEN-GmbH-.png","width":1000,"height":1000},{"@type":"BreadcrumbList","@id":"https:\/\/senior-pro.de\/klinik-im-leben-gmbh-2\/#breadcrumb","itemListElement":[{"@type":"ListItem","position":1,"name":"Startseite","item":"https:\/\/senior-pro.de\/"},{"@type":"ListItem","position":2,"name":"Klinik im LEBEN GmbH"}]},{"@type":"WebSite","@id":"https:\/\/senior-pro.de\/#website","url":"https:\/\/senior-pro.de\/","name":"SeniorPRO","description":"Innovations for a self-determined life in old age","potentialAction":[{"@type":"SearchAction","target":{"@type":"EntryPoint","urlTemplate":"https:\/\/senior-pro.de\/?s={search_term_string}"},"query-input":{"@type":"PropertyValueSpecification","valueRequired":true,"valueName":"search_term_string"}}],"inLanguage":"en-GB"}]}},"_links":{"self":[{"href":"https:\/\/senior-pro.de\/en\/wp-json\/wp\/v2\/pages\/23944879","targetHints":{"allow":["GET"]}}],"collection":[{"href":"https:\/\/senior-pro.de\/en\/wp-json\/wp\/v2\/pages"}],"about":[{"href":"https:\/\/senior-pro.de\/en\/wp-json\/wp\/v2\/types\/page"}],"author":[{"embeddable":true,"href":"https:\/\/senior-pro.de\/en\/wp-json\/wp\/v2\/users\/5"}],"replies":[{"embeddable":true,"href":"https:\/\/senior-pro.de\/en\/wp-json\/wp\/v2\/comments?post=23944879"}],"version-history":[{"count":2,"href":"https:\/\/senior-pro.de\/en\/wp-json\/wp\/v2\/pages\/23944879\/revisions"}],"predecessor-version":[{"id":23944882,"href":"https:\/\/senior-pro.de\/en\/wp-json\/wp\/v2\/pages\/23944879\/revisions\/23944882"}],"wp:featuredmedia":[{"embeddable":true,"href":"https:\/\/senior-pro.de\/en\/wp-json\/wp\/v2\/media\/23944871"}],"wp:attachment":[{"href":"https:\/\/senior-pro.de\/en\/wp-json\/wp\/v2\/media?parent=23944879"}],"wp:term":[{"taxonomy":"dipi_cpt_category","embeddable":true,"href":"https:\/\/senior-pro.de\/en\/wp-json\/wp\/v2\/dipi_cpt_category?post=23944879"}],"curies":[{"name":"wp","href":"https:\/\/api.w.org\/{rel}","templated":true}]}}