{"id":23944887,"date":"2025-04-14T11:59:20","date_gmt":"2025-04-14T11:59:20","guid":{"rendered":"https:\/\/senior-pro.de\/?page_id=23944887"},"modified":"2025-04-14T12:06:01","modified_gmt":"2025-04-14T12:06:01","slug":"reha-zentrum-luebben-kliniken-professor-dr-schedel-gmbh","status":"publish","type":"page","link":"https:\/\/senior-pro.de\/en\/reha-zentrum-luebben-kliniken-professor-dr-schedel-gmbh\/","title":{"rendered":"Reha-Zentrum L\u00fcbben, Kliniken Professor Dr. Schedel GmbH"},"content":{"rendered":"<p>[et_pb_section fb_built=&#8221;1&#8243; _builder_version=&#8221;4.16&#8243; global_colors_info=&#8221;{}&#8221;][et_pb_row column_structure=&#8221;1_2,1_2&#8243; _builder_version=&#8221;4.16&#8243; global_colors_info=&#8221;{}&#8221;][et_pb_column type=&#8221;1_2&#8243; _builder_version=&#8221;4.16&#8243; global_colors_info=&#8221;{}&#8221;][et_pb_text _builder_version=&#8221;4.25.2&#8243; text_font=&#8221;Mukta Malar|700|||||||&#8221; text_font_size=&#8221;25px&#8221; header_3_font=&#8221;Mukta Malar|700|||||||&#8221; header_3_text_color=&#8221;#000000&#8243; header_3_font_size=&#8221;29px&#8221; custom_margin=&#8221;7px||||false|false&#8221; hover_enabled=&#8221;0&#8243; global_colors_info=&#8221;{}&#8221; sticky_enabled=&#8221;0&#8243;]<\/p>\n<h3><strong>Reha-Zentrum L\u00fcbben, Kliniken Professor Dr. Schedel GmbH<\/strong><\/h3>\n<p>[\/et_pb_text][et_pb_divider color=&#8221;#0093a7&#8243; divider_weight=&#8221;2px&#8221; _builder_version=&#8221;4.21.0&#8243; global_colors_info=&#8221;{}&#8221;][\/et_pb_divider][\/et_pb_column][et_pb_column type=&#8221;1_2&#8243; _builder_version=&#8221;4.16&#8243; global_colors_info=&#8221;{}&#8221;][et_pb_button button_url=&#8221;https:\/\/senior-pro.de\/&#8221; button_text=&#8221;ZUR\u00dcCK&#8221; button_alignment=&#8221;right&#8221; _builder_version=&#8221;4.21.0&#8243; custom_button=&#8221;on&#8221; button_text_size=&#8221;15px&#8221; button_text_color=&#8221;#ffffff&#8221; button_bg_color=&#8221;#0093a7&#8243; button_border_color=&#8221;#0093a7&#8243; button_border_radius=&#8221;0px&#8221; button_font=&#8221;|600|||||||&#8221; button_use_icon=&#8221;off&#8221; custom_margin=&#8221;-2px||||false|false&#8221; custom_padding=&#8221;14px|37px|14px|37px|true|true&#8221; locked=&#8221;off&#8221; global_colors_info=&#8221;{}&#8221; button_text_color__hover_enabled=&#8221;on|hover&#8221; button_text_color__hover=&#8221;#ffffff&#8221; button_bg_color__hover_enabled=&#8221;on|hover&#8221; button_bg_color__hover=&#8221;#0093a7&#8243; button_bg_enable_color__hover=&#8221;on&#8221; button_border_color__hover_enabled=&#8221;on|hover&#8221; button_border_color__hover=&#8221;#0093a7&#8243; button_letter_spacing__hover_enabled=&#8221;on|hover&#8221; button_letter_spacing__hover=&#8221;2px&#8221;][\/et_pb_button][\/et_pb_column][\/et_pb_row][et_pb_row column_structure=&#8221;3_5,2_5&#8243; _builder_version=&#8221;4.16&#8243; custom_margin=&#8221;0px|auto||auto||&#8221; custom_padding=&#8221;4px||10px|||&#8221; locked=&#8221;off&#8221; global_colors_info=&#8221;{}&#8221;][et_pb_column type=&#8221;3_5&#8243; _builder_version=&#8221;4.16&#8243; global_colors_info=&#8221;{}&#8221;][et_pb_text _builder_version=&#8221;4.25.2&#8243; text_font_size=&#8221;16px&#8221; hover_enabled=&#8221;0&#8243; global_colors_info=&#8221;{}&#8221; sticky_enabled=&#8221;0&#8243;]<\/p>\n<p>Reha-Zentrum L\u00fcbben, founded in 1996, is an inpatient rehabilitation clinic specialising in the rehabilitation of oncological, haematological, orthopaedic and accident-injured patients. With an interdisciplinary approach, the clinic offers a comprehensive range of treatments that aim to strengthen patients medically, motorically and psychologically.<\/p>\n<p>The rehabilitation measures focus on motor-activating therapies that promote mobility and resilience, as well as psychological approaches that motivate and support patients to develop sustainable behavioural strategies. Emphasis is placed on ensuring the long-term success of the therapy and providing patients with holistic support in their individual recovery.<\/p>\n<p>The clinic, which is certified for inpatient treatment by the employers' liability insurance association (BGSW), has extensive experience in fulfilling the requirements of the employers' liability insurance association and treats around 4,400 patients every year. The rehabilitation centre's research and development department regularly participates in scientific projects, including an effectiveness study sponsored by the German Pension Insurance Berlin-Brandenburg. This progressive and patient-centred approach makes the L\u00fcbben Rehabilitation Centre a leading institution in rehabilitation.<\/p>\n<p><span><strong>Core competences for the network: <\/strong><\/span><span><strong>Development of sustainable and holistic rehabilitation concepts and activation measures, everyday training<\/strong><\/span><\/p>\n<p>[\/et_pb_text][\/et_pb_column][et_pb_column type=&#8221;2_5&#8243; _builder_version=&#8221;4.16&#8243; custom_padding=&#8221;30px|30px|30px|30px|true|false&#8221; box_shadow_style=&#8221;preset1&#8243; global_colors_info=&#8221;{}&#8221;][et_pb_image src=&#8221;https:\/\/senior-pro.de\/media\/2025\/04\/Reha-Zentrum-Luebben.png&#8221; title_text=&#8221;Reha-Zentrum L\u00fcbben&#8221; _builder_version=&#8221;4.25.2&#8243; custom_margin=&#8221;-7px|||||&#8221; custom_padding=&#8221;|||15px||&#8221; global_colors_info=&#8221;{}&#8221;][\/et_pb_image][et_pb_blurb url=&#8221;https:\/\/www.medit.hia.rwth-aachen.de\/&#8221; use_icon=&#8221;on&#8221; font_icon=&#8221;&#xe0e3;||divi||400&#8243; icon_color=&#8221;#0093a7&#8243; icon_placement=&#8221;left&#8221; image_icon_width=&#8221;25px&#8221; _builder_version=&#8221;4.25.2&#8243; body_font=&#8221;|600|||||||&#8221; body_font_size=&#8221;19px&#8221; body_link_font=&#8221;|600|||||||&#8221; body_link_text_color=&#8221;#0093a7&#8243; body_link_font_size=&#8221;18px&#8221; body_link_line_height=&#8221;1.5em&#8221; custom_margin=&#8221;||56px|50px|false|false&#8221; link_option_url=&#8221;https:\/\/www.medit.hia.rwth-aachen.de\/&#8221; hover_enabled=&#8221;0&#8243; icon_font_size=&#8221;25px&#8221; global_colors_info=&#8221;{}&#8221; body_link_letter_spacing__hover_enabled=&#8221;on|hover&#8221; body_link_letter_spacing__hover=&#8221;2px&#8221; sticky_enabled=&#8221;0&#8243;]<\/p>\n<p><a href=\"https:\/\/www.rehazentrum.com\/\">Visit website<\/a><\/p>\n<p>[\/et_pb_blurb][\/et_pb_column][\/et_pb_row][et_pb_row _builder_version=&#8221;4.16&#8243; global_colors_info=&#8221;{}&#8221;][et_pb_column type=&#8221;4_4&#8243; _builder_version=&#8221;4.16&#8243; global_colors_info=&#8221;{}&#8221;][\/et_pb_column][\/et_pb_row][\/et_pb_section]<\/p>","protected":false},"excerpt":{"rendered":"<p>Reha-Zentrum L\u00fcbben, Kliniken Professor Dr. Schedel GmbHDas Reha-Zentrum L\u00fcbben, gegr\u00fcndet 1996, ist eine station\u00e4re Rehabilitationsklinik, die sich auf die Rehabilitation onkologischer, h\u00e4matologischer sowie orthop\u00e4discher und unfallverletzter Patienten spezialisiert hat. Mit einem interdisziplin\u00e4ren Ansatz bietet die Klinik ein umfassendes Behandlungsspektrum, das darauf abzielt, Patienten medizinisch, motorisch und psychologisch zu st\u00e4rken. Im Mittelpunkt der Rehabilitationsma\u00dfnahmen stehen motorisch [&hellip;]<\/p>","protected":false},"author":5,"featured_media":23944873,"parent":0,"menu_order":0,"comment_status":"closed","ping_status":"closed","template":"","meta":{"_et_pb_use_builder":"on","_et_pb_old_content":"","_et_gb_content_width":"","footnotes":""},"dipi_cpt_category":[],"yoast_head":"<!-- This site is optimized with the Yoast SEO plugin v22.9 - https:\/\/yoast.com\/wordpress\/plugins\/seo\/ -->\n<title>Reha-Zentrum L\u00fcbben, Kliniken Professor Dr. Schedel GmbH - SeniorPRO<\/title>\n<meta name=\"description\" content=\"Das Reha-Zentrum L\u00fcbben, ist eine station\u00e4re Rehabilitationsklinik, die sich auf die Rehabilitation unfallverletzter Patienten spezialisiert hat.\" \/>\n<meta name=\"robots\" content=\"index, follow, max-snippet:-1, max-image-preview:large, max-video-preview:-1\" \/>\n<link rel=\"canonical\" href=\"https:\/\/senior-pro.de\/en\/reha-zentrum-luebben-kliniken-professor-dr-schedel-gmbh\/\" \/>\n<meta property=\"og:locale\" content=\"en_GB\" \/>\n<meta property=\"og:type\" content=\"article\" \/>\n<meta property=\"og:title\" content=\"Reha-Zentrum L\u00fcbben, Kliniken Professor Dr. Schedel GmbH - SeniorPRO\" \/>\n<meta property=\"og:description\" content=\"Das Reha-Zentrum L\u00fcbben, ist eine station\u00e4re Rehabilitationsklinik, die sich auf die Rehabilitation unfallverletzter Patienten spezialisiert hat.\" \/>\n<meta property=\"og:url\" content=\"https:\/\/senior-pro.de\/en\/reha-zentrum-luebben-kliniken-professor-dr-schedel-gmbh\/\" \/>\n<meta property=\"og:site_name\" content=\"SeniorPRO\" \/>\n<meta property=\"article:modified_time\" content=\"2025-04-14T12:06:01+00:00\" \/>\n<meta property=\"og:image\" content=\"https:\/\/senior-pro.de\/media\/2025\/04\/Reha-Zentrum-Luebben.png\" \/>\n\t<meta property=\"og:image:width\" content=\"1000\" \/>\n\t<meta property=\"og:image:height\" content=\"1000\" \/>\n\t<meta property=\"og:image:type\" content=\"image\/png\" \/>\n<meta name=\"twitter:card\" content=\"summary_large_image\" \/>\n<meta name=\"twitter:label1\" content=\"Estimated reading time\" \/>\n\t<meta name=\"twitter:data1\" content=\"2 minutes\" \/>\n<script type=\"application\/ld+json\" class=\"yoast-schema-graph\">{\"@context\":\"https:\/\/schema.org\",\"@graph\":[{\"@type\":\"WebPage\",\"@id\":\"https:\/\/senior-pro.de\/reha-zentrum-luebben-kliniken-professor-dr-schedel-gmbh\/\",\"url\":\"https:\/\/senior-pro.de\/reha-zentrum-luebben-kliniken-professor-dr-schedel-gmbh\/\",\"name\":\"Reha-Zentrum L\u00fcbben, Kliniken Professor Dr. Schedel GmbH - SeniorPRO\",\"isPartOf\":{\"@id\":\"https:\/\/senior-pro.de\/#website\"},\"primaryImageOfPage\":{\"@id\":\"https:\/\/senior-pro.de\/reha-zentrum-luebben-kliniken-professor-dr-schedel-gmbh\/#primaryimage\"},\"image\":{\"@id\":\"https:\/\/senior-pro.de\/reha-zentrum-luebben-kliniken-professor-dr-schedel-gmbh\/#primaryimage\"},\"thumbnailUrl\":\"https:\/\/senior-pro.de\/media\/2025\/04\/Reha-Zentrum-Luebben.png\",\"datePublished\":\"2025-04-14T11:59:20+00:00\",\"dateModified\":\"2025-04-14T12:06:01+00:00\",\"description\":\"Das Reha-Zentrum L\u00fcbben, ist eine station\u00e4re Rehabilitationsklinik, die sich auf die Rehabilitation unfallverletzter Patienten spezialisiert hat.\",\"breadcrumb\":{\"@id\":\"https:\/\/senior-pro.de\/reha-zentrum-luebben-kliniken-professor-dr-schedel-gmbh\/#breadcrumb\"},\"inLanguage\":\"en-GB\",\"potentialAction\":[{\"@type\":\"ReadAction\",\"target\":[\"https:\/\/senior-pro.de\/reha-zentrum-luebben-kliniken-professor-dr-schedel-gmbh\/\"]}]},{\"@type\":\"ImageObject\",\"inLanguage\":\"en-GB\",\"@id\":\"https:\/\/senior-pro.de\/reha-zentrum-luebben-kliniken-professor-dr-schedel-gmbh\/#primaryimage\",\"url\":\"https:\/\/senior-pro.de\/media\/2025\/04\/Reha-Zentrum-Luebben.png\",\"contentUrl\":\"https:\/\/senior-pro.de\/media\/2025\/04\/Reha-Zentrum-Luebben.png\",\"width\":1000,\"height\":1000},{\"@type\":\"BreadcrumbList\",\"@id\":\"https:\/\/senior-pro.de\/reha-zentrum-luebben-kliniken-professor-dr-schedel-gmbh\/#breadcrumb\",\"itemListElement\":[{\"@type\":\"ListItem\",\"position\":1,\"name\":\"Startseite\",\"item\":\"https:\/\/senior-pro.de\/\"},{\"@type\":\"ListItem\",\"position\":2,\"name\":\"Reha-Zentrum L\u00fcbben, Kliniken Professor Dr. Schedel GmbH\"}]},{\"@type\":\"WebSite\",\"@id\":\"https:\/\/senior-pro.de\/#website\",\"url\":\"https:\/\/senior-pro.de\/\",\"name\":\"SeniorPRO\",\"description\":\"Innovationen f\u00fcr ein selbstbestimmtes Leben im Alter\",\"potentialAction\":[{\"@type\":\"SearchAction\",\"target\":{\"@type\":\"EntryPoint\",\"urlTemplate\":\"https:\/\/senior-pro.de\/?s={search_term_string}\"},\"query-input\":\"required name=search_term_string\"}],\"inLanguage\":\"en-GB\"}]}<\/script>\n<!-- \/ Yoast SEO plugin. -->","yoast_head_json":{"title":"Reha-Zentrum L\u00fcbben, Kliniken Professor Dr. Schedel GmbH - SeniorPRO","description":"Das Reha-Zentrum L\u00fcbben, ist eine station\u00e4re Rehabilitationsklinik, die sich auf die Rehabilitation unfallverletzter Patienten spezialisiert hat.","robots":{"index":"index","follow":"follow","max-snippet":"max-snippet:-1","max-image-preview":"max-image-preview:large","max-video-preview":"max-video-preview:-1"},"canonical":"https:\/\/senior-pro.de\/en\/reha-zentrum-luebben-kliniken-professor-dr-schedel-gmbh\/","og_locale":"en_GB","og_type":"article","og_title":"Reha-Zentrum L\u00fcbben, Kliniken Professor Dr. Schedel GmbH - SeniorPRO","og_description":"Das Reha-Zentrum L\u00fcbben, ist eine station\u00e4re Rehabilitationsklinik, die sich auf die Rehabilitation unfallverletzter Patienten spezialisiert hat.","og_url":"https:\/\/senior-pro.de\/en\/reha-zentrum-luebben-kliniken-professor-dr-schedel-gmbh\/","og_site_name":"SeniorPRO","article_modified_time":"2025-04-14T12:06:01+00:00","og_image":[{"width":1000,"height":1000,"url":"https:\/\/senior-pro.de\/media\/2025\/04\/Reha-Zentrum-Luebben.png","type":"image\/png"}],"twitter_card":"summary_large_image","twitter_misc":{"Estimated reading time":"2 minutes"},"schema":{"@context":"https:\/\/schema.org","@graph":[{"@type":"WebPage","@id":"https:\/\/senior-pro.de\/reha-zentrum-luebben-kliniken-professor-dr-schedel-gmbh\/","url":"https:\/\/senior-pro.de\/reha-zentrum-luebben-kliniken-professor-dr-schedel-gmbh\/","name":"Reha-Zentrum L\u00fcbben, Kliniken Professor Dr. Schedel GmbH - SeniorPRO","isPartOf":{"@id":"https:\/\/senior-pro.de\/#website"},"primaryImageOfPage":{"@id":"https:\/\/senior-pro.de\/reha-zentrum-luebben-kliniken-professor-dr-schedel-gmbh\/#primaryimage"},"image":{"@id":"https:\/\/senior-pro.de\/reha-zentrum-luebben-kliniken-professor-dr-schedel-gmbh\/#primaryimage"},"thumbnailUrl":"https:\/\/senior-pro.de\/media\/2025\/04\/Reha-Zentrum-Luebben.png","datePublished":"2025-04-14T11:59:20+00:00","dateModified":"2025-04-14T12:06:01+00:00","description":"Das Reha-Zentrum L\u00fcbben, ist eine station\u00e4re Rehabilitationsklinik, die sich auf die Rehabilitation unfallverletzter Patienten spezialisiert hat.","breadcrumb":{"@id":"https:\/\/senior-pro.de\/reha-zentrum-luebben-kliniken-professor-dr-schedel-gmbh\/#breadcrumb"},"inLanguage":"en-GB","potentialAction":[{"@type":"ReadAction","target":["https:\/\/senior-pro.de\/reha-zentrum-luebben-kliniken-professor-dr-schedel-gmbh\/"]}]},{"@type":"ImageObject","inLanguage":"en-GB","@id":"https:\/\/senior-pro.de\/reha-zentrum-luebben-kliniken-professor-dr-schedel-gmbh\/#primaryimage","url":"https:\/\/senior-pro.de\/media\/2025\/04\/Reha-Zentrum-Luebben.png","contentUrl":"https:\/\/senior-pro.de\/media\/2025\/04\/Reha-Zentrum-Luebben.png","width":1000,"height":1000},{"@type":"BreadcrumbList","@id":"https:\/\/senior-pro.de\/reha-zentrum-luebben-kliniken-professor-dr-schedel-gmbh\/#breadcrumb","itemListElement":[{"@type":"ListItem","position":1,"name":"Startseite","item":"https:\/\/senior-pro.de\/"},{"@type":"ListItem","position":2,"name":"Reha-Zentrum L\u00fcbben, Kliniken Professor Dr. Schedel GmbH"}]},{"@type":"WebSite","@id":"https:\/\/senior-pro.de\/#website","url":"https:\/\/senior-pro.de\/","name":"SeniorPRO","description":"Innovationen f\u00fcr ein selbstbestimmtes Leben im Alter","potentialAction":[{"@type":"SearchAction","target":{"@type":"EntryPoint","urlTemplate":"https:\/\/senior-pro.de\/?s={search_term_string}"},"query-input":"required name=search_term_string"}],"inLanguage":"en-GB"}]}},"_links":{"self":[{"href":"https:\/\/senior-pro.de\/en\/wp-json\/wp\/v2\/pages\/23944887"}],"collection":[{"href":"https:\/\/senior-pro.de\/en\/wp-json\/wp\/v2\/pages"}],"about":[{"href":"https:\/\/senior-pro.de\/en\/wp-json\/wp\/v2\/types\/page"}],"author":[{"embeddable":true,"href":"https:\/\/senior-pro.de\/en\/wp-json\/wp\/v2\/users\/5"}],"replies":[{"embeddable":true,"href":"https:\/\/senior-pro.de\/en\/wp-json\/wp\/v2\/comments?post=23944887"}],"version-history":[{"count":2,"href":"https:\/\/senior-pro.de\/en\/wp-json\/wp\/v2\/pages\/23944887\/revisions"}],"predecessor-version":[{"id":23944890,"href":"https:\/\/senior-pro.de\/en\/wp-json\/wp\/v2\/pages\/23944887\/revisions\/23944890"}],"wp:featuredmedia":[{"embeddable":true,"href":"https:\/\/senior-pro.de\/en\/wp-json\/wp\/v2\/media\/23944873"}],"wp:attachment":[{"href":"https:\/\/senior-pro.de\/en\/wp-json\/wp\/v2\/media?parent=23944887"}],"wp:term":[{"taxonomy":"dipi_cpt_category","embeddable":true,"href":"https:\/\/senior-pro.de\/en\/wp-json\/wp\/v2\/dipi_cpt_category?post=23944887"}],"curies":[{"name":"wp","href":"https:\/\/api.w.org\/{rel}","templated":true}]}}