{"id":54498,"date":"2022-03-10T12:26:59","date_gmt":"2022-03-10T12:26:59","guid":{"rendered":"https:\/\/senior-pro.de\/?page_id=54498"},"modified":"2022-04-08T12:54:39","modified_gmt":"2022-04-08T12:54:39","slug":"silentshockwave","status":"publish","type":"page","link":"https:\/\/senior-pro.de\/en\/silentshockwave\/","title":{"rendered":"SilentShockWave"},"content":{"rendered":"<p>[et_pb_section fb_built=&#8221;1&#8243; _builder_version=&#8221;4.4.9&#8243; global_colors_info=&#8221;{}&#8221; locked=&#8221;off&#8221;][et_pb_row column_structure=&#8221;1_2,1_2&#8243; _builder_version=&#8221;4.4.9&#8243; global_colors_info=&#8221;{}&#8221;][et_pb_column type=&#8221;1_2&#8243; _builder_version=&#8221;4.4.9&#8243; global_colors_info=&#8221;{}&#8221;][et_pb_text _builder_version=&#8221;4.14.7&#8243; text_font=&#8221;Mukta Malar|700|||||||&#8221; text_font_size=&#8221;25px&#8221; header_3_font=&#8221;Mukta Malar|700|||||||&#8221; header_3_text_color=&#8221;#000000&#8243; header_3_font_size=&#8221;29px&#8221; custom_margin=&#8221;7px||18px||false|false&#8221; global_colors_info=&#8221;{}&#8221;]<\/p>\n<h3><strong>SilentShockWave<\/strong><\/h3>\n<p>[\/et_pb_text][et_pb_divider color=&#8221;#b51c1e&#8221; divider_weight=&#8221;2px&#8221; _builder_version=&#8221;4.14.2&#8243; global_colors_info=&#8221;{}&#8221; locked=&#8221;off&#8221;][\/et_pb_divider][\/et_pb_column][et_pb_column type=&#8221;1_2&#8243; _builder_version=&#8221;4.4.9&#8243; global_colors_info=&#8221;{}&#8221;][et_pb_button button_url=&#8221;https:\/\/senior-pro.de\/&#8221; button_text=&#8221;ZUR\u00dcCK&#8221; button_alignment=&#8221;right&#8221; _builder_version=&#8221;4.14.7&#8243; custom_button=&#8221;on&#8221; button_text_size=&#8221;15px&#8221; button_text_color=&#8221;#ffffff&#8221; button_bg_color=&#8221;#b51c1e&#8221; button_border_color=&#8221;#b51c1e&#8221; button_border_radius=&#8221;0px&#8221; button_font=&#8221;Mukta Malar|600|||||||&#8221; button_use_icon=&#8221;off&#8221; custom_margin=&#8221;-2px||||false|false&#8221; custom_padding=&#8221;14px|37px|14px|37px|true|true&#8221; locked=&#8221;off&#8221; global_colors_info=&#8221;{}&#8221; button_text_color__hover_enabled=&#8221;on|hover&#8221; button_text_color__hover=&#8221;#ffffff&#8221; button_bg_color__hover_enabled=&#8221;on|hover&#8221; button_bg_color__hover=&#8221;#b51c1e&#8221; button_bg_enable_color__hover=&#8221;on&#8221; button_border_color__hover_enabled=&#8221;on|hover&#8221; button_border_color__hover=&#8221;#b51c1e&#8221; button_letter_spacing__hover_enabled=&#8221;on|hover&#8221; button_letter_spacing__hover=&#8221;2px&#8221;][\/et_pb_button][\/et_pb_column][\/et_pb_row][et_pb_row column_structure=&#8221;1_2,1_2&#8243; _builder_version=&#8221;4.4.9&#8243; global_colors_info=&#8221;{}&#8221;][et_pb_column type=&#8221;1_2&#8243; _builder_version=&#8221;4.4.9&#8243; global_colors_info=&#8221;{}&#8221;][et_pb_text _builder_version=&#8221;4.14.7&#8243; _module_preset=&#8221;default&#8221; text_font_size=&#8221;18px&#8221; global_colors_info=&#8221;{}&#8221;]Mobiles Sto\u00dfwellentherapieger\u00e4t f\u00fcr veterin\u00e4rmedizinische Anwendungen[\/et_pb_text][et_pb_text _builder_version=&#8221;4.14.7&#8243; _module_preset=&#8221;default&#8221; text_font=&#8221;|300|||||||&#8221; text_font_size=&#8221;18px&#8221; global_colors_info=&#8221;{}&#8221;]Gegenstand war die Entwicklung eines mobilen und robusten Ger\u00e4tes f\u00fcr die indikationsspezifische, individualisierbare radiale Sto\u00dfwellentherapie. Genutzt werden Piezostapel bzw. Piezo-Aktoren, die aus einer Vielzahl von d\u00fcnnen Piezoscheiben bestehen, die<br \/>\nmechanisch in Reihe angeordnet sind und elektrisch parallel angesteuert werden. Die Steuersoftware wurde auf der Basis des embedded Computermoduls Colibri T20 entwickelt.<br \/>\nEin Piezo-Sto\u00df-Aktor \u00fcbertr\u00e4gt per elastischen Sto\u00df einen hoch-energetischen Impuls auf einen Applikator, der mit dem zu behandelnden Gewebe gekoppelt ist. Im Applikator wird eine Sto\u00dfwelle ausgel\u00f6st, die dann in das zu therapierende Gewebe \u00fcbergeleitet und dort therapeutisch wirksam wird.[\/et_pb_text][et_pb_divider color=&#8221;#b51c1e&#8221; divider_weight=&#8221;2px&#8221; _builder_version=&#8221;4.14.7&#8243; global_colors_info=&#8221;{}&#8221;][\/et_pb_divider][et_pb_text _builder_version=&#8221;4.14.7&#8243; text_font_size=&#8221;16px&#8221; link_text_color=&#8221;#b51c1e&#8221; custom_margin=&#8221;-20px||||false|false&#8221; hover_enabled=&#8221;0&#8243; global_colors_info=&#8221;{}&#8221; sticky_enabled=&#8221;0&#8243;]<\/p>\n<p><strong>Projektpartner<\/strong><\/p>\n<ul>\n<li><a href=\"https:\/\/senior-pro.de\/tur-therapietechnik-gmbh\/\" target=\"_blank\" rel=\"noopener\">TUR Therapietechnik GmbH\u00a0<\/a><\/li>\n<\/ul>\n<p>[\/et_pb_text][\/et_pb_column][et_pb_column type=&#8221;1_2&#8243; _builder_version=&#8221;4.4.9&#8243; global_colors_info=&#8221;{}&#8221;][et_pb_image src=&#8221;https:\/\/senior-pro.de\/media\/2022\/03\/BMWK_Fz_2021_WebSVG_de.svg&#8221; title_text=&#8221;BMWK_Fz_2021_WebSVG_de&#8221; _builder_version=&#8221;4.14.7&#8243; width=&#8221;65%&#8221; module_alignment=&#8221;center&#8221; custom_margin=&#8221;-7px|||||&#8221; custom_padding=&#8221;|||0px|false|false&#8221; box_shadow_style=&#8221;preset1&#8243; global_colors_info=&#8221;{}&#8221;][\/et_pb_image][et_pb_image src=&#8221;https:\/\/senior-pro.de\/media\/2022\/03\/doruk-yemenici-M7Qzh_PD2mM-unsplash-scaled.jpg&#8221; title_text=&#8221;doruk-yemenici-M7Qzh_PD2mM-unsplash&#8221; _builder_version=&#8221;4.14.7&#8243; _module_preset=&#8221;default&#8221; box_shadow_style=&#8221;preset1&#8243; global_colors_info=&#8221;{}&#8221; width=&#8221;65%&#8221; module_alignment=&#8221;center&#8221; custom_margin=&#8221;||||false|false&#8221;][\/et_pb_image][\/et_pb_column][\/et_pb_row][\/et_pb_section]<\/p>\n","protected":false},"excerpt":{"rendered":"<p>SilentShockWaveMobiles Sto\u00dfwellentherapieger\u00e4t f\u00fcr veterin\u00e4rmedizinische AnwendungenGegenstand war die Entwicklung eines mobilen und robusten Ger\u00e4tes f\u00fcr die indikationsspezifische, individualisierbare radiale Sto\u00dfwellentherapie. Genutzt werden Piezostapel bzw. Piezo-Aktoren, die aus einer Vielzahl von d\u00fcnnen Piezoscheiben bestehen, die mechanisch in Reihe angeordnet sind und elektrisch parallel angesteuert werden. Die Steuersoftware wurde auf der Basis des embedded Computermoduls Colibri T20 entwickelt. [&hellip;]<\/p>\n","protected":false},"author":1,"featured_media":0,"parent":0,"menu_order":0,"comment_status":"closed","ping_status":"closed","template":"","meta":{"_et_pb_use_builder":"on","_et_pb_old_content":"","_et_gb_content_width":"","footnotes":""},"dipi_cpt_category":[],"class_list":["post-54498","page","type-page","status-publish","hentry"],"yoast_head":"<!-- This site is optimized with the Yoast SEO plugin v27.4 - https:\/\/yoast.com\/product\/yoast-seo-wordpress\/ -->\n<title>SilentShockWave - SeniorPRO<\/title>\n<meta name=\"robots\" content=\"index, follow, max-snippet:-1, max-image-preview:large, max-video-preview:-1\" \/>\n<link rel=\"canonical\" href=\"https:\/\/senior-pro.de\/en\/silentshockwave\/\" \/>\n<meta property=\"og:locale\" content=\"en_GB\" \/>\n<meta property=\"og:type\" content=\"article\" \/>\n<meta property=\"og:title\" content=\"SilentShockWave - SeniorPRO\" \/>\n<meta property=\"og:description\" content=\"SilentShockWaveMobiles Sto\u00dfwellentherapieger\u00e4t f\u00fcr veterin\u00e4rmedizinische AnwendungenGegenstand war die Entwicklung eines mobilen und robusten Ger\u00e4tes f\u00fcr die indikationsspezifische, individualisierbare radiale Sto\u00dfwellentherapie. Genutzt werden Piezostapel bzw. Piezo-Aktoren, die aus einer Vielzahl von d\u00fcnnen Piezoscheiben bestehen, die mechanisch in Reihe angeordnet sind und elektrisch parallel angesteuert werden. Die Steuersoftware wurde auf der Basis des embedded Computermoduls Colibri T20 entwickelt. [&hellip;]\" \/>\n<meta property=\"og:url\" content=\"https:\/\/senior-pro.de\/en\/silentshockwave\/\" \/>\n<meta property=\"og:site_name\" content=\"SeniorPRO\" \/>\n<meta property=\"article:modified_time\" content=\"2022-04-08T12:54:39+00:00\" \/>\n<meta name=\"twitter:card\" content=\"summary_large_image\" \/>\n<meta name=\"twitter:label1\" content=\"Estimated reading time\" \/>\n\t<meta name=\"twitter:data1\" content=\"2 minutes\" \/>\n<script type=\"application\/ld+json\" class=\"yoast-schema-graph\">{\"@context\":\"https:\\\/\\\/schema.org\",\"@graph\":[{\"@type\":\"WebPage\",\"@id\":\"https:\\\/\\\/senior-pro.de\\\/silentshockwave\\\/\",\"url\":\"https:\\\/\\\/senior-pro.de\\\/silentshockwave\\\/\",\"name\":\"SilentShockWave - SeniorPRO\",\"isPartOf\":{\"@id\":\"https:\\\/\\\/senior-pro.de\\\/#website\"},\"datePublished\":\"2022-03-10T12:26:59+00:00\",\"dateModified\":\"2022-04-08T12:54:39+00:00\",\"breadcrumb\":{\"@id\":\"https:\\\/\\\/senior-pro.de\\\/silentshockwave\\\/#breadcrumb\"},\"inLanguage\":\"en-GB\",\"potentialAction\":[{\"@type\":\"ReadAction\",\"target\":[\"https:\\\/\\\/senior-pro.de\\\/silentshockwave\\\/\"]}]},{\"@type\":\"BreadcrumbList\",\"@id\":\"https:\\\/\\\/senior-pro.de\\\/silentshockwave\\\/#breadcrumb\",\"itemListElement\":[{\"@type\":\"ListItem\",\"position\":1,\"name\":\"Startseite\",\"item\":\"https:\\\/\\\/senior-pro.de\\\/\"},{\"@type\":\"ListItem\",\"position\":2,\"name\":\"SilentShockWave\"}]},{\"@type\":\"WebSite\",\"@id\":\"https:\\\/\\\/senior-pro.de\\\/#website\",\"url\":\"https:\\\/\\\/senior-pro.de\\\/\",\"name\":\"SeniorPRO\",\"description\":\"Innovationen f\u00fcr ein selbstbestimmtes Leben im Alter\",\"potentialAction\":[{\"@type\":\"SearchAction\",\"target\":{\"@type\":\"EntryPoint\",\"urlTemplate\":\"https:\\\/\\\/senior-pro.de\\\/?s={search_term_string}\"},\"query-input\":{\"@type\":\"PropertyValueSpecification\",\"valueRequired\":true,\"valueName\":\"search_term_string\"}}],\"inLanguage\":\"en-GB\"}]}<\/script>\n<!-- \/ Yoast SEO plugin. -->","yoast_head_json":{"title":"SilentShockWave - SeniorPRO","robots":{"index":"index","follow":"follow","max-snippet":"max-snippet:-1","max-image-preview":"max-image-preview:large","max-video-preview":"max-video-preview:-1"},"canonical":"https:\/\/senior-pro.de\/en\/silentshockwave\/","og_locale":"en_GB","og_type":"article","og_title":"SilentShockWave - SeniorPRO","og_description":"SilentShockWaveMobiles Sto\u00dfwellentherapieger\u00e4t f\u00fcr veterin\u00e4rmedizinische AnwendungenGegenstand war die Entwicklung eines mobilen und robusten Ger\u00e4tes f\u00fcr die indikationsspezifische, individualisierbare radiale Sto\u00dfwellentherapie. Genutzt werden Piezostapel bzw. Piezo-Aktoren, die aus einer Vielzahl von d\u00fcnnen Piezoscheiben bestehen, die mechanisch in Reihe angeordnet sind und elektrisch parallel angesteuert werden. Die Steuersoftware wurde auf der Basis des embedded Computermoduls Colibri T20 entwickelt. [&hellip;]","og_url":"https:\/\/senior-pro.de\/en\/silentshockwave\/","og_site_name":"SeniorPRO","article_modified_time":"2022-04-08T12:54:39+00:00","twitter_card":"summary_large_image","twitter_misc":{"Estimated reading time":"2 minutes"},"schema":{"@context":"https:\/\/schema.org","@graph":[{"@type":"WebPage","@id":"https:\/\/senior-pro.de\/silentshockwave\/","url":"https:\/\/senior-pro.de\/silentshockwave\/","name":"SilentShockWave - SeniorPRO","isPartOf":{"@id":"https:\/\/senior-pro.de\/#website"},"datePublished":"2022-03-10T12:26:59+00:00","dateModified":"2022-04-08T12:54:39+00:00","breadcrumb":{"@id":"https:\/\/senior-pro.de\/silentshockwave\/#breadcrumb"},"inLanguage":"en-GB","potentialAction":[{"@type":"ReadAction","target":["https:\/\/senior-pro.de\/silentshockwave\/"]}]},{"@type":"BreadcrumbList","@id":"https:\/\/senior-pro.de\/silentshockwave\/#breadcrumb","itemListElement":[{"@type":"ListItem","position":1,"name":"Startseite","item":"https:\/\/senior-pro.de\/"},{"@type":"ListItem","position":2,"name":"SilentShockWave"}]},{"@type":"WebSite","@id":"https:\/\/senior-pro.de\/#website","url":"https:\/\/senior-pro.de\/","name":"SeniorPRO","description":"Innovations for a self-determined life in old age","potentialAction":[{"@type":"SearchAction","target":{"@type":"EntryPoint","urlTemplate":"https:\/\/senior-pro.de\/?s={search_term_string}"},"query-input":{"@type":"PropertyValueSpecification","valueRequired":true,"valueName":"search_term_string"}}],"inLanguage":"en-GB"}]}},"_links":{"self":[{"href":"https:\/\/senior-pro.de\/en\/wp-json\/wp\/v2\/pages\/54498","targetHints":{"allow":["GET"]}}],"collection":[{"href":"https:\/\/senior-pro.de\/en\/wp-json\/wp\/v2\/pages"}],"about":[{"href":"https:\/\/senior-pro.de\/en\/wp-json\/wp\/v2\/types\/page"}],"author":[{"embeddable":true,"href":"https:\/\/senior-pro.de\/en\/wp-json\/wp\/v2\/users\/1"}],"replies":[{"embeddable":true,"href":"https:\/\/senior-pro.de\/en\/wp-json\/wp\/v2\/comments?post=54498"}],"version-history":[{"count":9,"href":"https:\/\/senior-pro.de\/en\/wp-json\/wp\/v2\/pages\/54498\/revisions"}],"predecessor-version":[{"id":54945,"href":"https:\/\/senior-pro.de\/en\/wp-json\/wp\/v2\/pages\/54498\/revisions\/54945"}],"wp:attachment":[{"href":"https:\/\/senior-pro.de\/en\/wp-json\/wp\/v2\/media?parent=54498"}],"wp:term":[{"taxonomy":"dipi_cpt_category","embeddable":true,"href":"https:\/\/senior-pro.de\/en\/wp-json\/wp\/v2\/dipi_cpt_category?post=54498"}],"curies":[{"name":"wp","href":"https:\/\/api.w.org\/{rel}","templated":true}]}}